{"id":831,"date":"2015-05-11T09:13:20","date_gmt":"2015-05-11T09:13:20","guid":{"rendered":"http:\/\/blessing.ancorathemes.com\/?page_id=831"},"modified":"2026-01-27T23:23:52","modified_gmt":"2026-01-27T22:23:52","slug":"homepage","status":"publish","type":"page","link":"https:\/\/delormel-pompes-funebres-marbrerie.com\/en\/","title":{"rendered":"Accueil"},"content":{"rendered":"<div class=\"wpb-content-wrapper\"><div class=\"vc_row wpb_row vc_row-fluid\"><div class=\"wpb_column vc_column_container vc_col-sm-12\"><div class=\"vc_column-inner\"><div class=\"wpb_wrapper\"><div class=\"columns_wrap sc_columns columns_nofluid sc_columns_count_5\" data-animation=\"animated fadeInUp normal\"><div class=\"column-3_5 sc_column_item sc_column_item_1 odd first span_3\"><figure class=\"sc_image  sc_image_shape_square\"><div style=\"padding: 0.4em; padding-bottom: 0;\"><img decoding=\"async\" src=\"https:\/\/delormel-pompes-funebres-marbrerie.com\/wp-content\/uploads\/2020\/03\/funeral-planning_0-e1587048946461.jpg\" alt=\"\" \/><\/div><\/figure><\/div><div class=\"column-2_5 sc_column_item sc_column_item_4 even span_2 after_span_3\"><h4 class=\"sc_title sc_title_regular\" style=\"margin-top:0px;\"><\/p>\n<h2 class=\"western\">Organisation de fun\u00e9railles<\/h2>\n<p><\/h4>\n\t<div class=\"wpb_text_column wpb_content_element\" >\n\t\t<div class=\"wpb_wrapper\">\n\t\t\t<p>Depuis 1995, les\u00a0<strong><b>Pompes Fun\u00e8bres Delormel<\/b><\/strong>,<strong>\u00a0<\/strong>situ\u00e9es \u00e0 Saint-Just-en-Chauss\u00e9e et \u00e0 Estr\u00e9es-Saint-Denis, vous accompagnent lors de ces moments douloureux dans les diff\u00e9rentes d\u00e9marches administratives qui suivent la perte d\u2019un proche disparu. De fait, qu\u2019il s\u2019agisse de l\u2019<strong><b>organisation compl\u00e8te\u00a0<\/b><\/strong>des\u00a0<strong><b>fun\u00e9railles<\/b><\/strong>, de la d\u00e9claration de d\u00e9c\u00e8s, nous restons \u00e0 votre disposition <strong>24h\/24 et 7j\/7<\/strong>. Nous disposons \u00e9galement d\u2019une chambre fun\u00e9raire afin que la famille et les personnes invit\u00e9es puissent voir une derni\u00e8re fois le d\u00e9funt.<\/p>\n\n\t\t<\/div>\n\t<\/div>\n<\/div><\/div><\/div><\/div><\/div><\/div><div data-vc-full-width=\"true\" data-vc-full-width-temp=\"true\" data-vc-full-width-init=\"false\" class=\"vc_row wpb_row vc_row-fluid vc_row-o-content-middle vc_row-flex\"><div class=\"wpb_column vc_column_container vc_col-sm-12\"><div class=\"vc_column-inner\"><div class=\"wpb_wrapper\"><!-- #TRX_GAP_START# --><div class=\"sc_parallax bg_tint_light\" style=\"width:100%;height:27.866em;color:#ffffff;\" data-parallax-speed=\"0.4\" data-parallax-x-pos=\"50%\" data-parallax-y-pos=\"50%\"><div class=\"sc_parallax_content\" style=\"background-image:url(https:\/\/delormel-pompes-funebres-marbrerie.com\/wp-content\/uploads\/2020\/02\/18812-800x526-1.jpg); background-position:50% 50%;\">\n\t<div class=\"wpb_text_column wpb_content_element vc_custom_1582386512910\" >\n\t\t<div class=\"wpb_wrapper\">\n\t\t\t<h2 style=\"text-align: center;\"><span style=\"color: #ffffff; line-height: 1.3em;\">Tu n\u2019es plus l\u00e0 o\u00f9 tu \u00e9tais,<\/span><br \/>\n<span style=\"color: #ffffff; line-height: 1.3em;\"> mais tu es partout l\u00e0 o\u00f9 je suis.<\/span><\/h2>\n\n\t\t<\/div>\n\t<\/div>\n\n\t<div class=\"wpb_text_column wpb_content_element vc_custom_1582386543581\" >\n\t\t<div class=\"wpb_wrapper\">\n\t\t\t<p style=\"text-align: center;\">&#8211; Victor Hugo &#8211;<\/p>\n\n\t\t<\/div>\n\t<\/div>\n<\/div><\/div><!-- #TRX_GAP_END# --><\/div><\/div><\/div><\/div><div class=\"vc_row-full-width vc_clearfix\"><\/div><div data-vc-full-width=\"true\" data-vc-full-width-temp=\"true\" data-vc-full-width-init=\"false\" class=\"vc_row wpb_row vc_row-fluid vc_column-gap-5\"><div class=\"wpb_column vc_column_container vc_col-sm-12\"><div class=\"vc_column-inner\"><div class=\"wpb_wrapper\"><div class=\"sc_section\"><div class=\"sc_content content_wrap\" data-animation=\"animated fadeInUp normal\" style=\"margin-top:1.8em !important;\"><h2 class=\"sc_title sc_title_regular sc_align_center fig_border\" style=\"text-align:center;\">Nos Services<\/h2><div class=\"columns_wrap sc_columns columns_nofluid sc_columns_count_5 history_service\" style=\"margin-bottom:5em;\"><div class=\"column-1_5 sc_column_item sc_column_item_1 odd first\"><figure class=\"sc_image  sc_image_shape_square\" style=\"width:11.866em;\"><div style=\"padding: 0.4em; padding-bottom: 0;\"><img decoding=\"async\" src=\"https:\/\/delormel-pompes-funebres-marbrerie.com\/wp-content\/uploads\/2015\/05\/Depositphotos_25370281_original.jpg?ver=1769436609\" alt=\"\" \/><\/div><\/figure>\n\t<div class=\"wpb_text_column wpb_content_element\" >\n\t\t<div class=\"wpb_wrapper\">\n\t\t\t<p style=\"text-align: center;\"><a href=\"https:\/\/delormel-pompes-funebres-marbrerie.com\/en\/pompes-funebres\/\">Organisation d&rsquo;obs\u00e8ques<\/a><\/p>\n\n\t\t<\/div>\n\t<\/div>\n<\/div><div class=\"column-1_5 sc_column_item sc_column_item_2 even\"><figure class=\"sc_image  sc_image_shape_square\" style=\"width:11.866em;\"><div style=\"padding: 0.4em; padding-bottom: 0;\"><img decoding=\"async\" src=\"https:\/\/delormel-pompes-funebres-marbrerie.com\/wp-content\/uploads\/2015\/04\/Depositphotos_12383716_original.jpg?ver=1769436842\" alt=\"\" \/><\/div><\/figure>\n\t<div class=\"wpb_text_column wpb_content_element\" >\n\t\t<div class=\"wpb_wrapper\">\n\t\t\t<p style=\"text-align: center;\"><a href=\"https:\/\/delormel-pompes-funebres-marbrerie.com\/en\/marbrerie-funeraire\/\">Marbrerie fun\u00e9raire<\/a><\/p>\n\n\t\t<\/div>\n\t<\/div>\n<\/div><div class=\"column-1_5 sc_column_item sc_column_item_3 odd\"><figure class=\"sc_image  sc_image_shape_square\" style=\"width:11.866em;\"><div style=\"padding: 0.4em; padding-bottom: 0;\"><img decoding=\"async\" src=\"https:\/\/delormel-pompes-funebres-marbrerie.com\/wp-content\/uploads\/2015\/05\/hands.jpg?ver=1769436957\" alt=\"\" \/><\/div><\/figure>\n\t<div class=\"wpb_text_column wpb_content_element\" >\n\t\t<div class=\"wpb_wrapper\">\n\t\t\t<p style=\"text-align: center;\"><a href=\"https:\/\/delormel-pompes-funebres-marbrerie.com\/en\/contrat-obseques\/\">Accompagnement<\/a><\/p>\n\n\t\t<\/div>\n\t<\/div>\n<\/div><div class=\"column-1_5 sc_column_item sc_column_item_4 even\"><figure class=\"sc_image  sc_image_shape_square\" style=\"width:11.866em;\"><div style=\"padding: 0.4em; padding-bottom: 0;\"><img decoding=\"async\" src=\"https:\/\/delormel-pompes-funebres-marbrerie.com\/wp-content\/uploads\/2015\/04\/Depositphotos_24646197_original.jpg?ver=1769437081\" alt=\"\" \/><\/div><\/figure>\n\t<div class=\"wpb_text_column wpb_content_element\" >\n\t\t<div class=\"wpb_wrapper\">\n\t\t\t<p style=\"text-align: center;\"><a href=\"https:\/\/delormel-pompes-funebres-marbrerie.com\/en\/blog\/\">N\u00e9crologie<\/a><\/p>\n\n\t\t<\/div>\n\t<\/div>\n<\/div><div class=\"column-1_5 sc_column_item sc_column_item_5 odd\"><figure class=\"sc_image  sc_image_shape_square\" style=\"width:11.866em;\"><div style=\"padding: 0.4em; padding-bottom: 0;\"><img decoding=\"async\" src=\"https:\/\/delormel-pompes-funebres-marbrerie.com\/wp-content\/uploads\/2015\/04\/Depositphotos_2822236_original.jpg?ver=1769437203\" alt=\"\" \/><\/div><\/figure>\n\t<div class=\"wpb_text_column wpb_content_element\" >\n\t\t<div class=\"wpb_wrapper\">\n\t\t\t<p style=\"text-align: center;\"><a href=\"https:\/\/delormel-pompes-funebres-marbrerie.com\/en\/galerie-photos\/\">Fleurs et pr\u00e9sents<\/a><\/p>\n\n\t\t<\/div>\n\t<\/div>\n<\/div><\/div><\/div><\/div><\/div><\/div><\/div><\/div><div class=\"vc_row-full-width vc_clearfix\"><\/div><div class=\"vc_row wpb_row vc_row-fluid vc_custom_1769447555561 vc_row-has-fill\"><div class=\"wpb_column vc_column_container vc_col-sm-12\"><div class=\"vc_column-inner vc_custom_1431955086890\"><div class=\"wpb_wrapper\"><div class=\"sc_content content_wrap\" data-animation=\"animated fadeInUp normal\"><div class=\"sc_section\"><h2 class=\"sc_title sc_title_regular sc_align_center fig_border\" style=\"text-align:center;\">Ils nous ont quitt\u00e9<\/h2><div id=\"sc_blogger_1476672852\" class=\"sc_blogger layout_masonry_4 template_masonry  sc_blogger_horizontal\"><div class=\"isotope_wrap\" data-columns=\"4\">\t\t<div class=\"isotope_item isotope_item_masonry isotope_item_masonry_4 isotope_column_4\">\r\t\t\t<div class=\"post_item post_item_masonry post_item_masonry_4\t\t\t\t  post_format_standard odd\">\r\t\t\t\t\r\t\t\t\t\t\t\t\t\t<div class=\"post_featured\">\r\t\t\t\t\t\t\t\t\t\t\t\t<div class=\"post_thumb\" data-image=\"https:\/\/delormel-pompes-funebres-marbrerie.com\/wp-content\/uploads\/2026\/01\/gerbe-de-fleurs-rougeet-blanches.jpg\" data-title=\"Jean-Claude LUMARD\">\n\t\t\t\t\t\t<a class=\"hover_icon hover_icon_link\" href=\"https:\/\/delormel-pompes-funebres-marbrerie.com\/en\/jean-claude-lumard\/\"><img decoding=\"async\" class=\"wp-post-image\" width=\"250\" alt=\"Jean-Claude LUMARD\" src=\"https:\/\/delormel-pompes-funebres-marbrerie.com\/wp-content\/uploads\/2026\/01\/gerbe-de-fleurs-rougeet-blanches-250x167.jpg\"><\/a>\t\t\t\t\t\t<\/div>\n\t\t\t\t\t\t\t\t\t\t\t<\/div>\r\t\t\t\t\r\t\t\t\t<div class=\"post_content isotope_item_content\">\r\t\t\t\t\t\r\t\t\t\t\t\t\t\t\t\t\t\t<h4 class=\"post_title\"><a href=\"https:\/\/delormel-pompes-funebres-marbrerie.com\/en\/jean-claude-lumard\/\">Jean-Claude LUMARD<\/a><\/h4>\r\t\t\t\t\t\t\t\r\t\t\t\t\t<div class=\"post_descr\">\r\t\t\t\t\t\t<p>VALESCOURT: Mr Jean-Claude LUMARD Ancien Combattant...<\/p><a href=\"https:\/\/delormel-pompes-funebres-marbrerie.com\/en\/jean-claude-lumard\/\" class=\"sc_button button-hover sc_button_square sc_button_style_filled sc_button_bg_link sc_button_size_small\" data-text=\"READ MORE\">READ MORE<\/a>\t\t\t\t\t<\/div>\r\r\t\t\t\t<\/div>\t\t\t\t<!-- \/.post_content -->\r\t\t\t<\/div>\t<!-- \/.post_item -->\r\t\t<\/div>\t\t\t\t\t\t<!-- \/.isotope_item -->\r\t\t\t\t<div class=\"isotope_item isotope_item_masonry isotope_item_masonry_4 isotope_column_4\">\r\t\t\t<div class=\"post_item post_item_masonry post_item_masonry_4\t\t\t\t  post_format_standard even\">\r\t\t\t\t\r\t\t\t\t\t\t\t\t\t<div class=\"post_featured\">\r\t\t\t\t\t\t\t\t\t\t\t\t<div class=\"post_thumb\" data-image=\"https:\/\/delormel-pompes-funebres-marbrerie.com\/wp-content\/uploads\/2022\/02\/bougie-fleurs-e1645548986339.jpeg\" data-title=\"La\u00ebtitia BRUNEL\">\n\t\t\t\t\t\t<a class=\"hover_icon hover_icon_link\" href=\"https:\/\/delormel-pompes-funebres-marbrerie.com\/en\/laetitia-brunel\/\"><img decoding=\"async\" class=\"wp-post-image\" width=\"250\" alt=\"La\u00ebtitia BRUNEL\" src=\"https:\/\/delormel-pompes-funebres-marbrerie.com\/wp-content\/uploads\/2022\/02\/bougie-fleurs-e1645548986339-250x123.jpeg\"><\/a>\t\t\t\t\t\t<\/div>\n\t\t\t\t\t\t\t\t\t\t\t<\/div>\r\t\t\t\t\r\t\t\t\t<div class=\"post_content isotope_item_content\">\r\t\t\t\t\t\r\t\t\t\t\t\t\t\t\t\t\t\t<h4 class=\"post_title\"><a href=\"https:\/\/delormel-pompes-funebres-marbrerie.com\/en\/laetitia-brunel\/\">La\u00ebtitia BRUNEL<\/a><\/h4>\r\t\t\t\t\t\t\t\r\t\t\t\t\t<div class=\"post_descr\">\r\t\t\t\t\t\t<p>ST JUST EN CHAUSSEE: La\u00ebtitia BRUNEL d\u00e9c\u00e9d\u00e9e le 21...<\/p><a href=\"https:\/\/delormel-pompes-funebres-marbrerie.com\/en\/laetitia-brunel\/\" class=\"sc_button button-hover sc_button_square sc_button_style_filled sc_button_bg_link sc_button_size_small\" data-text=\"READ MORE\">READ MORE<\/a>\t\t\t\t\t<\/div>\r\r\t\t\t\t<\/div>\t\t\t\t<!-- \/.post_content -->\r\t\t\t<\/div>\t<!-- \/.post_item -->\r\t\t<\/div>\t\t\t\t\t\t<!-- \/.isotope_item -->\r\t\t\t\t<div class=\"isotope_item isotope_item_masonry isotope_item_masonry_4 isotope_column_4\">\r\t\t\t<div class=\"post_item post_item_masonry post_item_masonry_4\t\t\t\t  post_format_standard odd\">\r\t\t\t\t\r\t\t\t\t\t\t\t\t\t<div class=\"post_featured\">\r\t\t\t\t\t\t\t\t\t\t\t\t<div class=\"post_thumb\" data-image=\"https:\/\/delormel-pompes-funebres-marbrerie.com\/wp-content\/uploads\/2022\/02\/contrat-de-deces-e1645548855801.jpeg\" data-title=\"Marcel ROUSSELLE\">\n\t\t\t\t\t\t<a class=\"hover_icon hover_icon_link\" href=\"https:\/\/delormel-pompes-funebres-marbrerie.com\/en\/marcel-rousselle\/\"><img decoding=\"async\" class=\"wp-post-image\" width=\"250\" alt=\"Marcel ROUSSELLE\" src=\"https:\/\/delormel-pompes-funebres-marbrerie.com\/wp-content\/uploads\/2022\/02\/contrat-de-deces-e1645548855801-250x167.jpeg\"><\/a>\t\t\t\t\t\t<\/div>\n\t\t\t\t\t\t\t\t\t\t\t<\/div>\r\t\t\t\t\r\t\t\t\t<div class=\"post_content isotope_item_content\">\r\t\t\t\t\t\r\t\t\t\t\t\t\t\t\t\t\t\t<h4 class=\"post_title\"><a href=\"https:\/\/delormel-pompes-funebres-marbrerie.com\/en\/marcel-rousselle\/\">Marcel ROUSSELLE<\/a><\/h4>\r\t\t\t\t\t\t\t\r\t\t\t\t\t<div class=\"post_descr\">\r\t\t\t\t\t\t<p>LE PLESSIER SUR ST JUST: Mr Marcel ROUSSELLE, d\u00e9c\u00e9d\u00e9 le...<\/p><a href=\"https:\/\/delormel-pompes-funebres-marbrerie.com\/en\/marcel-rousselle\/\" class=\"sc_button button-hover sc_button_square sc_button_style_filled sc_button_bg_link sc_button_size_small\" data-text=\"READ MORE\">READ MORE<\/a>\t\t\t\t\t<\/div>\r\r\t\t\t\t<\/div>\t\t\t\t<!-- \/.post_content -->\r\t\t\t<\/div>\t<!-- \/.post_item -->\r\t\t<\/div>\t\t\t\t\t\t<!-- \/.isotope_item -->\r\t\t\t\t<div class=\"isotope_item isotope_item_masonry isotope_item_masonry_4 isotope_column_4\">\r\t\t\t<div class=\"post_item post_item_masonry post_item_masonry_4\t\t\t\t  post_format_standard even last\">\r\t\t\t\t\r\t\t\t\t\t\t\t\t\t<div class=\"post_featured\">\r\t\t\t\t\t\t\t\t\t\t\t\t<div class=\"post_thumb\" data-image=\"https:\/\/delormel-pompes-funebres-marbrerie.com\/wp-content\/uploads\/2026\/01\/bouquet-fleurs-enterrement-cadeau-deuil-ceremonie.jpg\" data-title=\"Bernadette LEGER\">\n\t\t\t\t\t\t<a class=\"hover_icon hover_icon_link\" href=\"https:\/\/delormel-pompes-funebres-marbrerie.com\/en\/bernadette-leger\/\"><img decoding=\"async\" class=\"wp-post-image\" width=\"250\" alt=\"Bernadette LEGER\" src=\"https:\/\/delormel-pompes-funebres-marbrerie.com\/wp-content\/uploads\/2026\/01\/bouquet-fleurs-enterrement-cadeau-deuil-ceremonie-250x167.jpg\"><\/a>\t\t\t\t\t\t<\/div>\n\t\t\t\t\t\t\t\t\t\t\t<\/div>\r\t\t\t\t\r\t\t\t\t<div class=\"post_content isotope_item_content\">\r\t\t\t\t\t\r\t\t\t\t\t\t\t\t\t\t\t\t<h4 class=\"post_title\"><a href=\"https:\/\/delormel-pompes-funebres-marbrerie.com\/en\/bernadette-leger\/\">Bernadette LEGER<\/a><\/h4>\r\t\t\t\t\t\t\t\r\t\t\t\t\t<div class=\"post_descr\">\r\t\t\t\t\t\t<p>ESTREES ST DENIS: Mme Bernadette LEGER n\u00e9e DRUELLE...<\/p><a href=\"https:\/\/delormel-pompes-funebres-marbrerie.com\/en\/bernadette-leger\/\" class=\"sc_button button-hover sc_button_square sc_button_style_filled sc_button_bg_link sc_button_size_small\" data-text=\"READ MORE\">READ MORE<\/a>\t\t\t\t\t<\/div>\r\r\t\t\t\t<\/div>\t\t\t\t<!-- \/.post_content -->\r\t\t\t<\/div>\t<!-- \/.post_item -->\r\t\t<\/div>\t\t\t\t\t\t<!-- \/.isotope_item -->\r\t\t<\/div><\/div><\/div><\/div><\/div><\/div><\/div><\/div>\n<\/div>","protected":false},"excerpt":{"rendered":"ESTREES ST DENIS: Mme Bernadette LEGER n\u00e9e DRUELLE d\u00e9c\u00e9d\u00e9e \u00e0 ESTREES ST DENIS le 12 Avril 2026 \u00e0 l'\u00e2ge de 70 ans. La c\u00e9r\u00e9monie religieuse sera c\u00e9l\u00e9br\u00e9e le Jeudi 16 Avril 2026 \u00e0 14h15 en l'\u00e9glise St Denis d'ESTREES ST DENIS o\u00f9 l'on se r\u00e9unira, suivie de l'inhumation.","protected":false},"author":1,"featured_media":0,"parent":0,"menu_order":0,"comment_status":"closed","ping_status":"open","template":"","meta":{"footnotes":""},"class_list":["post-831","page","type-page","status-publish","hentry"],"yoast_head":"<!-- This site is optimized with the Yoast SEO plugin v27.4 - https:\/\/yoast.com\/product\/yoast-seo-wordpress\/ -->\n<title>Accueil - Pompes fun\u00e8bres Delormel &amp; fils - St Just en Chauss\u00e9e<\/title>\n<meta name=\"description\" content=\"Services fun\u00e9raires et marbrerie \u00e0 St Just en Chauss\u00e9e et Estr\u00e9es St Denis. Depuis 1995, nous vous accompagnons lors de la perte d&#039;un proche, 24H\/24, 7J\/7.\" \/>\n<meta name=\"robots\" content=\"index, follow, max-snippet:-1, max-image-preview:large, max-video-preview:-1\" \/>\n<link rel=\"canonical\" href=\"https:\/\/delormel-pompes-funebres-marbrerie.com\/en\/\" \/>\n<meta property=\"og:locale\" content=\"en_GB\" \/>\n<meta property=\"og:type\" content=\"article\" \/>\n<meta property=\"og:title\" content=\"Accueil - Pompes fun\u00e8bres Delormel &amp; fils - St Just en Chauss\u00e9e\" \/>\n<meta property=\"og:description\" content=\"Services fun\u00e9raires et marbrerie \u00e0 St Just en Chauss\u00e9e et Estr\u00e9es St Denis. Depuis 1995, nous vous accompagnons lors de la perte d&#039;un proche, 24H\/24, 7J\/7.\" \/>\n<meta property=\"og:url\" content=\"https:\/\/delormel-pompes-funebres-marbrerie.com\/en\/\" \/>\n<meta property=\"og:site_name\" content=\"Pompes fun\u00e8bres Delormel &amp; fils - St Just en Chauss\u00e9e\" \/>\n<meta property=\"article:modified_time\" content=\"2026-01-27T22:23:52+00:00\" \/>\n<meta property=\"og:image\" content=\"https:\/\/delormel-pompes-funebres-marbrerie.com\/wp-content\/uploads\/2020\/03\/e6ecbd29337b4febbd3973c5fad1bc3e.jpg\" \/>\n\t<meta property=\"og:image:width\" content=\"437\" \/>\n\t<meta property=\"og:image:height\" content=\"291\" \/>\n\t<meta property=\"og:image:type\" content=\"image\/jpeg\" \/>\n<meta name=\"twitter:card\" content=\"summary_large_image\" \/>\n<meta name=\"twitter:label1\" content=\"Estimated reading time\" \/>\n\t<meta name=\"twitter:data1\" content=\"1 minute\" \/>\n<script type=\"application\/ld+json\" class=\"yoast-schema-graph\">{\"@context\":\"https:\\\/\\\/schema.org\",\"@graph\":[{\"@type\":\"WebPage\",\"@id\":\"https:\\\/\\\/delormel-pompes-funebres-marbrerie.com\\\/\",\"url\":\"https:\\\/\\\/delormel-pompes-funebres-marbrerie.com\\\/\",\"name\":\"Accueil - Pompes fun\u00e8bres Delormel &amp; fils - St Just en Chauss\u00e9e\",\"isPartOf\":{\"@id\":\"https:\\\/\\\/delormel-pompes-funebres-marbrerie.com\\\/#website\"},\"datePublished\":\"2015-05-11T09:13:20+00:00\",\"dateModified\":\"2026-01-27T22:23:52+00:00\",\"description\":\"Services fun\u00e9raires et marbrerie \u00e0 St Just en Chauss\u00e9e et Estr\u00e9es St Denis. Depuis 1995, nous vous accompagnons lors de la perte d'un proche, 24H\\\/24, 7J\\\/7.\",\"breadcrumb\":{\"@id\":\"https:\\\/\\\/delormel-pompes-funebres-marbrerie.com\\\/#breadcrumb\"},\"inLanguage\":\"en-GB\",\"potentialAction\":[{\"@type\":\"ReadAction\",\"target\":[\"https:\\\/\\\/delormel-pompes-funebres-marbrerie.com\\\/\"]}]},{\"@type\":\"BreadcrumbList\",\"@id\":\"https:\\\/\\\/delormel-pompes-funebres-marbrerie.com\\\/#breadcrumb\",\"itemListElement\":[{\"@type\":\"ListItem\",\"position\":1,\"name\":\"Accueil\",\"item\":\"https:\\\/\\\/delormel-pompes-funebres-marbrerie.com\\\/\"},{\"@type\":\"ListItem\",\"position\":2,\"name\":\"Accueil\"}]},{\"@type\":\"WebSite\",\"@id\":\"https:\\\/\\\/delormel-pompes-funebres-marbrerie.com\\\/#website\",\"url\":\"https:\\\/\\\/delormel-pompes-funebres-marbrerie.com\\\/\",\"name\":\"Pompes fun\u00e8bres Delormel et fils\",\"description\":\"Pompes fun\u00e8bres et marbrerie fun\u00e9raire\",\"potentialAction\":[{\"@type\":\"SearchAction\",\"target\":{\"@type\":\"EntryPoint\",\"urlTemplate\":\"https:\\\/\\\/delormel-pompes-funebres-marbrerie.com\\\/?s={search_term_string}\"},\"query-input\":{\"@type\":\"PropertyValueSpecification\",\"valueRequired\":true,\"valueName\":\"search_term_string\"}}],\"inLanguage\":\"en-GB\"}]}<\/script>\n<!-- \/ Yoast SEO plugin. -->","yoast_head_json":{"title":"Accueil - Pompes fun\u00e8bres Delormel &amp; fils - St Just en Chauss\u00e9e","description":"Services fun\u00e9raires et marbrerie \u00e0 St Just en Chauss\u00e9e et Estr\u00e9es St Denis. Depuis 1995, nous vous accompagnons lors de la perte d'un proche, 24H\/24, 7J\/7.","robots":{"index":"index","follow":"follow","max-snippet":"max-snippet:-1","max-image-preview":"max-image-preview:large","max-video-preview":"max-video-preview:-1"},"canonical":"https:\/\/delormel-pompes-funebres-marbrerie.com\/en\/","og_locale":"en_GB","og_type":"article","og_title":"Accueil - Pompes fun\u00e8bres Delormel &amp; fils - St Just en Chauss\u00e9e","og_description":"Services fun\u00e9raires et marbrerie \u00e0 St Just en Chauss\u00e9e et Estr\u00e9es St Denis. Depuis 1995, nous vous accompagnons lors de la perte d'un proche, 24H\/24, 7J\/7.","og_url":"https:\/\/delormel-pompes-funebres-marbrerie.com\/en\/","og_site_name":"Pompes fun\u00e8bres Delormel &amp; fils - St Just en Chauss\u00e9e","article_modified_time":"2026-01-27T22:23:52+00:00","og_image":[{"width":437,"height":291,"url":"https:\/\/delormel-pompes-funebres-marbrerie.com\/wp-content\/uploads\/2020\/03\/e6ecbd29337b4febbd3973c5fad1bc3e.jpg","type":"image\/jpeg"}],"twitter_card":"summary_large_image","twitter_misc":{"Estimated reading time":"1 minute"},"schema":{"@context":"https:\/\/schema.org","@graph":[{"@type":"WebPage","@id":"https:\/\/delormel-pompes-funebres-marbrerie.com\/","url":"https:\/\/delormel-pompes-funebres-marbrerie.com\/","name":"Accueil - Pompes fun\u00e8bres Delormel &amp; fils - St Just en Chauss\u00e9e","isPartOf":{"@id":"https:\/\/delormel-pompes-funebres-marbrerie.com\/#website"},"datePublished":"2015-05-11T09:13:20+00:00","dateModified":"2026-01-27T22:23:52+00:00","description":"Services fun\u00e9raires et marbrerie \u00e0 St Just en Chauss\u00e9e et Estr\u00e9es St Denis. Depuis 1995, nous vous accompagnons lors de la perte d'un proche, 24H\/24, 7J\/7.","breadcrumb":{"@id":"https:\/\/delormel-pompes-funebres-marbrerie.com\/#breadcrumb"},"inLanguage":"en-GB","potentialAction":[{"@type":"ReadAction","target":["https:\/\/delormel-pompes-funebres-marbrerie.com\/"]}]},{"@type":"BreadcrumbList","@id":"https:\/\/delormel-pompes-funebres-marbrerie.com\/#breadcrumb","itemListElement":[{"@type":"ListItem","position":1,"name":"Accueil","item":"https:\/\/delormel-pompes-funebres-marbrerie.com\/"},{"@type":"ListItem","position":2,"name":"Accueil"}]},{"@type":"WebSite","@id":"https:\/\/delormel-pompes-funebres-marbrerie.com\/#website","url":"https:\/\/delormel-pompes-funebres-marbrerie.com\/","name":"Pompes fun\u00e8bres Delormel et fils","description":"Pompes fun\u00e8bres et marbrerie fun\u00e9raire","potentialAction":[{"@type":"SearchAction","target":{"@type":"EntryPoint","urlTemplate":"https:\/\/delormel-pompes-funebres-marbrerie.com\/?s={search_term_string}"},"query-input":{"@type":"PropertyValueSpecification","valueRequired":true,"valueName":"search_term_string"}}],"inLanguage":"en-GB"}]}},"_links":{"self":[{"href":"https:\/\/delormel-pompes-funebres-marbrerie.com\/en\/wp-json\/wp\/v2\/pages\/831","targetHints":{"allow":["GET"]}}],"collection":[{"href":"https:\/\/delormel-pompes-funebres-marbrerie.com\/en\/wp-json\/wp\/v2\/pages"}],"about":[{"href":"https:\/\/delormel-pompes-funebres-marbrerie.com\/en\/wp-json\/wp\/v2\/types\/page"}],"author":[{"embeddable":true,"href":"https:\/\/delormel-pompes-funebres-marbrerie.com\/en\/wp-json\/wp\/v2\/users\/1"}],"replies":[{"embeddable":true,"href":"https:\/\/delormel-pompes-funebres-marbrerie.com\/en\/wp-json\/wp\/v2\/comments?post=831"}],"version-history":[{"count":28,"href":"https:\/\/delormel-pompes-funebres-marbrerie.com\/en\/wp-json\/wp\/v2\/pages\/831\/revisions"}],"predecessor-version":[{"id":4676,"href":"https:\/\/delormel-pompes-funebres-marbrerie.com\/en\/wp-json\/wp\/v2\/pages\/831\/revisions\/4676"}],"wp:attachment":[{"href":"https:\/\/delormel-pompes-funebres-marbrerie.com\/en\/wp-json\/wp\/v2\/media?parent=831"}],"curies":[{"name":"wp","href":"https:\/\/api.w.org\/{rel}","templated":true}]}}