{"id":598,"date":"2015-05-07T07:55:52","date_gmt":"2015-05-07T05:55:52","guid":{"rendered":"http:\/\/blessing.ancorathemes.com\/?page_id=598"},"modified":"2026-01-27T17:39:05","modified_gmt":"2026-01-27T16:39:05","slug":"pompes-funebres","status":"publish","type":"page","link":"https:\/\/delormel-pompes-funebres-marbrerie.com\/en\/pompes-funebres\/","title":{"rendered":"Pompes fun\u00e8bres"},"content":{"rendered":"<div class=\"wpb-content-wrapper\"><div class=\"vc_row wpb_row vc_row-fluid\"><div class=\"wpb_column vc_column_container vc_col-sm-12\"><div class=\"vc_column-inner\"><div class=\"wpb_wrapper\"><div class=\"sc_section\" style=\"margin-top:1.8em !important;margin-bottom:1em !important; \"><div class=\"sc_content content_wrap\" data-animation=\"animated fadeInUp normal\" style=\"margin-top:4em !important;margin-bottom:4em !important;\"><div class=\"columns_wrap sc_columns columns_nofluid sc_columns_count_2\"><div class=\"column-1_2 sc_column_item sc_column_item_1 odd first\"><figure class=\"sc_image  sc_image_shape_square\"><div style=\"padding: 0.4em; padding-bottom: 0;\"><img decoding=\"async\" src=\"https:\/\/delormel-pompes-funebres-marbrerie.com\/wp-content\/uploads\/2022\/11\/delormel-pompes-funebres-cortege-funeraire.jpg\" alt=\"\" \/><\/div><\/figure><figure class=\"sc_image  sc_image_shape_square\"><div style=\"padding: 0.4em; padding-bottom: 0;\"><img decoding=\"async\" src=\"https:\/\/delormel-pompes-funebres-marbrerie.com\/wp-content\/uploads\/2020\/02\/18838870_m-cremation.jpg\" alt=\"\" \/><\/div><\/figure><\/div><div class=\"column-1_2 sc_column_item sc_column_item_2 even\"><h4 class=\"sc_title sc_title_regular\" style=\"margin-top:0px;\"><strong><span style=\"color: #000000;\"><span style=\"font-family: Alice, serif, serif, Lato, sans-serif;\">Pompes fun\u00e8bres \u00e0 Saint-Just-en-Chauss\u00e9e et \u00e0 Estr\u00e9es Saint Denis<\/span><\/span><\/strong><\/h4>\n\t<div class=\"wpb_text_column wpb_content_element\" >\n\t\t<div class=\"wpb_wrapper\">\n\t\t\t<p>Depuis 1995, les Pompes Fun\u00e8bres Delormel, situ\u00e9es \u00e0 Saint-Just-en-Chauss\u00e9e et \u00e0 Estr\u00e9es-Saint-Denis,\u00a0 vous accompagnent lors de ces moments douloureux dans les diff\u00e9rentes d\u00e9marches administratives qui suivent la perte d\u2019un proche disparu. De ce fait, qu\u2019il s\u2019agisse de l\u2019organisation compl\u00e8te des fun\u00e9railles, de la d\u00e9claration de d\u00e9c\u00e8s, nous restons \u00e0 votre disposition 24h\/24 et 7j\/7. Nous disposons \u00e9galement d\u2019une chambre fun\u00e9raire avec 4 salons de pr\u00e9sentation, afin que les familles puissent venir se recueillir. Pour plus de renseignements sur les contrats d\u2019obs\u00e8ques ou sur notre activit\u00e9 en tant que marbrier fun\u00e9raire, <a href=\"https:\/\/delormel-pompes-funebres-marbrerie.com\/en\/contact\/\">contactez-nous.<\/a><\/p>\n<p><strong>Organisation des obs\u00e8ques \u00e0 Saint-Just-en-Chauss\u00e9e<\/strong><\/p>\n<p>Nous le savons, c\u2019est dans un contexte \u00e9motionnel difficile que nous intervenons aupr\u00e8s de vous et de votre famille. Pour cela, nous tenons \u00e0 vous apporter notre soutien en toute sinc\u00e9rit\u00e9 et simplicit\u00e9 durant cette \u00e9preuve. Nous disposons de quatre salons fun\u00e9raires pour permettre aux familles et proches de se recueillir aupr\u00e8s du d\u00e9funt, tout en respectant et pr\u00e9servant le respect et la convivialit\u00e9 du domicile. Le premier est un salon automnal aux couleurs douces et apaisantes, le deuxi\u00e8me est plus neutre et les deux derniers sont des salons plus contemporains. Toutes les pi\u00e8ces sont climatis\u00e9es. Le fun\u00e9rarium est ouvert pour les visites de 9h \u00e0 19h.<\/p>\n<p>De plus, nous assurons l\u2019inhumation et la cr\u00e9mation. Aussi, quel que soit l\u2019emplacement du d\u00e9funt, nous nous assurons du transport et du rapatriement de corps avant et apr\u00e8s mise en bi\u00e8re. Notre \u00e9quipe de professionnels est \u00e0 votre service pour vous soutenir et vous conseiller au prix le plus juste, pour un service adapt\u00e9 \u00e0 vos besoins. Nous vous garantissons notre discr\u00e9tion ainsi qu&rsquo;un travail de qualit\u00e9. Pour la marbrerie, nous assurons l\u2019ouverture et la fermeture de caveaux, la construction des caveaux pour le jour des obs\u00e8ques, la pose de monuments fun\u00e9raires ainsi que la gravure. De plus, nous mettons \u00e0 votre disposition un large choix d\u2019articles fun\u00e9raires, des fleurs artificielles aux urnes cin\u00e9raires. Nous disposons \u00e9galement du dipl\u00f4me de thanatopracteur pour la r\u00e9alisation des diff\u00e9rents soins de conservation du corps.<\/p>\n\n\t\t<\/div>\n\t<\/div>\n<\/div><\/div><\/div><\/div><\/div><\/div><\/div><\/div><div class=\"vc_row wpb_row vc_row-fluid\"><div class=\"wpb_column vc_column_container vc_col-sm-12\"><div class=\"vc_column-inner\"><div class=\"wpb_wrapper\"><div class=\"sc_section\"><div class=\"sc_content content_wrap\" data-animation=\"animated fadeInUp normal\" style=\"margin-top:2em !important;\"><h2 class=\"sc_title sc_title_regular sc_align_center fig_border\" style=\"text-align:center;\">Nos Services<\/h2><div class=\"columns_wrap sc_columns columns_nofluid sc_columns_count_5 history_service\" style=\"margin-bottom:5em;\"><div class=\"column-1_5 sc_column_item sc_column_item_1 odd first\"><figure class=\"sc_image  sc_image_shape_square\" style=\"width:11.866em;\"><div style=\"padding: 0.4em; padding-bottom: 0;\"><img decoding=\"async\" src=\"https:\/\/delormel-pompes-funebres-marbrerie.com\/wp-content\/uploads\/2015\/05\/Depositphotos_25370281_original.jpg?ver=1769436609\" alt=\"\" \/><\/div><\/figure>\n\t<div class=\"wpb_text_column wpb_content_element\" >\n\t\t<div class=\"wpb_wrapper\">\n\t\t\t<p style=\"text-align: center;\"><a href=\"https:\/\/delormel-pompes-funebres-marbrerie.com\/en\/pompes-funebres\/\">Organisation d&rsquo;obs\u00e8ques<\/a><\/p>\n\n\t\t<\/div>\n\t<\/div>\n<\/div><div class=\"column-1_5 sc_column_item sc_column_item_2 even\"><figure class=\"sc_image  sc_image_shape_square\" style=\"width:11.866em;\"><div style=\"padding: 0.4em; padding-bottom: 0;\"><img decoding=\"async\" src=\"https:\/\/delormel-pompes-funebres-marbrerie.com\/wp-content\/uploads\/2015\/04\/Depositphotos_12383716_original.jpg?ver=1769436842\" alt=\"\" \/><\/div><\/figure>\n\t<div class=\"wpb_text_column wpb_content_element\" >\n\t\t<div class=\"wpb_wrapper\">\n\t\t\t<p style=\"text-align: center;\"><a href=\"https:\/\/delormel-pompes-funebres-marbrerie.com\/en\/marbrerie-funeraire\/\">Marbrerie fun\u00e9raire<\/a><\/p>\n\n\t\t<\/div>\n\t<\/div>\n<\/div><div class=\"column-1_5 sc_column_item sc_column_item_3 odd\"><figure class=\"sc_image  sc_image_shape_square\" style=\"width:11.866em;\"><div style=\"padding: 0.4em; padding-bottom: 0;\"><img decoding=\"async\" src=\"https:\/\/delormel-pompes-funebres-marbrerie.com\/wp-content\/uploads\/2015\/05\/hands.jpg?ver=1769436957\" alt=\"\" \/><\/div><\/figure>\n\t<div class=\"wpb_text_column wpb_content_element\" >\n\t\t<div class=\"wpb_wrapper\">\n\t\t\t<p style=\"text-align: center;\"><a href=\"https:\/\/delormel-pompes-funebres-marbrerie.com\/en\/contrat-obseques\/\">Accompagnement<\/a><\/p>\n\n\t\t<\/div>\n\t<\/div>\n<\/div><div class=\"column-1_5 sc_column_item sc_column_item_4 even\"><figure class=\"sc_image  sc_image_shape_square\" style=\"width:11.866em;\"><div style=\"padding: 0.4em; padding-bottom: 0;\"><img decoding=\"async\" src=\"https:\/\/delormel-pompes-funebres-marbrerie.com\/wp-content\/uploads\/2020\/04\/Depositphotos_24646197_original.jpg\" alt=\"\" \/><\/div><\/figure>\n\t<div class=\"wpb_text_column wpb_content_element\" >\n\t\t<div class=\"wpb_wrapper\">\n\t\t\t<p style=\"text-align: center;\"><a href=\"https:\/\/delormel-pompes-funebres-marbrerie.com\/en\/blog\/\">N\u00e9crologie<\/a><\/p>\n\n\t\t<\/div>\n\t<\/div>\n<\/div><div class=\"column-1_5 sc_column_item sc_column_item_5 odd\"><figure class=\"sc_image  sc_image_shape_square\" style=\"width:11.866em;\"><div style=\"padding: 0.4em; padding-bottom: 0;\"><img decoding=\"async\" src=\"https:\/\/delormel-pompes-funebres-marbrerie.com\/wp-content\/uploads\/2015\/04\/Depositphotos_2822236_original.jpg?ver=1769437203\" alt=\"\" \/><\/div><\/figure>\n\t<div class=\"wpb_text_column wpb_content_element\" >\n\t\t<div class=\"wpb_wrapper\">\n\t\t\t<p style=\"text-align: center;\"><a href=\"https:\/\/delormel-pompes-funebres-marbrerie.com\/en\/galerie-photos\/\">Fleurs et pr\u00e9sents<\/a><\/p>\n\n\t\t<\/div>\n\t<\/div>\n<\/div><\/div><\/div><\/div><\/div><\/div><\/div><\/div>\n<\/div>","protected":false},"excerpt":{"rendered":"Pompes fun\u00e8bres \u00e0 Saint-Just-en-Chauss\u00e9e et \u00e0 Estr\u00e9es Saint Denis Depuis 1995, les Pompes Fun\u00e8bres Delormel, situ\u00e9es \u00e0 Saint-Just-en-Chauss\u00e9e et \u00e0 Estr\u00e9es-Saint-Denis,\u00a0 vous accompagnent lors de ces moments douloureux dans les diff\u00e9rentes d\u00e9marches administratives qui suivent la perte d\u2019un proche disparu. De ce fait, qu\u2019il s\u2019agisse de l\u2019organisation compl\u00e8te des fun\u00e9railles, de la d\u00e9claration de d\u00e9c\u00e8s, [...]","protected":false},"author":1,"featured_media":0,"parent":0,"menu_order":0,"comment_status":"closed","ping_status":"closed","template":"","meta":{"footnotes":""},"class_list":["post-598","page","type-page","status-publish","hentry"],"yoast_head":"<!-- This site is optimized with the Yoast SEO plugin v27.4 - https:\/\/yoast.com\/product\/yoast-seo-wordpress\/ -->\n<title>Pompes fun\u00e8bres - Pompes fun\u00e8bres Delormel &amp; fils - St Just en Chauss\u00e9e<\/title>\n<meta name=\"description\" content=\"Organisation compl\u00e8te de fun\u00e9railles, d\u00e9claration de d\u00e9c\u00e8s, contrats d\u2019obs\u00e8ques, marbrerie, salon fun\u00e9raire. Nous sommes \u00e0 votre disposition 24h\/24 et 7j\/7.\" \/>\n<meta name=\"robots\" content=\"index, follow, max-snippet:-1, max-image-preview:large, max-video-preview:-1\" \/>\n<link rel=\"canonical\" href=\"https:\/\/delormel-pompes-funebres-marbrerie.com\/en\/pompes-funebres\/\" \/>\n<meta property=\"og:locale\" content=\"en_GB\" \/>\n<meta property=\"og:type\" content=\"article\" \/>\n<meta property=\"og:title\" content=\"Pompes fun\u00e8bres - Pompes fun\u00e8bres Delormel &amp; fils - St Just en Chauss\u00e9e\" \/>\n<meta property=\"og:description\" content=\"Organisation compl\u00e8te de fun\u00e9railles, d\u00e9claration de d\u00e9c\u00e8s, contrats d\u2019obs\u00e8ques, marbrerie, salon fun\u00e9raire. Nous sommes \u00e0 votre disposition 24h\/24 et 7j\/7.\" \/>\n<meta property=\"og:url\" content=\"https:\/\/delormel-pompes-funebres-marbrerie.com\/en\/pompes-funebres\/\" \/>\n<meta property=\"og:site_name\" content=\"Pompes fun\u00e8bres Delormel &amp; fils - St Just en Chauss\u00e9e\" \/>\n<meta property=\"article:modified_time\" content=\"2026-01-27T16:39:05+00:00\" \/>\n<meta property=\"og:image\" content=\"https:\/\/delormel-pompes-funebres-marbrerie.com\/wp-content\/uploads\/2020\/03\/e6ecbd29337b4febbd3973c5fad1bc3e.jpg\" \/>\n\t<meta property=\"og:image:width\" content=\"437\" \/>\n\t<meta property=\"og:image:height\" content=\"291\" \/>\n\t<meta property=\"og:image:type\" content=\"image\/jpeg\" \/>\n<meta name=\"twitter:card\" content=\"summary_large_image\" \/>\n<meta name=\"twitter:label1\" content=\"Estimated reading time\" \/>\n\t<meta name=\"twitter:data1\" content=\"3 minutes\" \/>\n<script type=\"application\/ld+json\" class=\"yoast-schema-graph\">{\"@context\":\"https:\\\/\\\/schema.org\",\"@graph\":[{\"@type\":\"WebPage\",\"@id\":\"https:\\\/\\\/delormel-pompes-funebres-marbrerie.com\\\/pompes-funebres\\\/\",\"url\":\"https:\\\/\\\/delormel-pompes-funebres-marbrerie.com\\\/pompes-funebres\\\/\",\"name\":\"Pompes fun\u00e8bres - Pompes fun\u00e8bres Delormel &amp; fils - St Just en Chauss\u00e9e\",\"isPartOf\":{\"@id\":\"https:\\\/\\\/delormel-pompes-funebres-marbrerie.com\\\/#website\"},\"datePublished\":\"2015-05-07T05:55:52+00:00\",\"dateModified\":\"2026-01-27T16:39:05+00:00\",\"description\":\"Organisation compl\u00e8te de fun\u00e9railles, d\u00e9claration de d\u00e9c\u00e8s, contrats d\u2019obs\u00e8ques, marbrerie, salon fun\u00e9raire. Nous sommes \u00e0 votre disposition 24h\\\/24 et 7j\\\/7.\",\"breadcrumb\":{\"@id\":\"https:\\\/\\\/delormel-pompes-funebres-marbrerie.com\\\/pompes-funebres\\\/#breadcrumb\"},\"inLanguage\":\"en-GB\",\"potentialAction\":[{\"@type\":\"ReadAction\",\"target\":[\"https:\\\/\\\/delormel-pompes-funebres-marbrerie.com\\\/pompes-funebres\\\/\"]}]},{\"@type\":\"BreadcrumbList\",\"@id\":\"https:\\\/\\\/delormel-pompes-funebres-marbrerie.com\\\/pompes-funebres\\\/#breadcrumb\",\"itemListElement\":[{\"@type\":\"ListItem\",\"position\":1,\"name\":\"Accueil\",\"item\":\"https:\\\/\\\/delormel-pompes-funebres-marbrerie.com\\\/\"},{\"@type\":\"ListItem\",\"position\":2,\"name\":\"Pompes fun\u00e8bres\"}]},{\"@type\":\"WebSite\",\"@id\":\"https:\\\/\\\/delormel-pompes-funebres-marbrerie.com\\\/#website\",\"url\":\"https:\\\/\\\/delormel-pompes-funebres-marbrerie.com\\\/\",\"name\":\"Pompes fun\u00e8bres Delormel et fils\",\"description\":\"Pompes fun\u00e8bres et marbrerie fun\u00e9raire\",\"potentialAction\":[{\"@type\":\"SearchAction\",\"target\":{\"@type\":\"EntryPoint\",\"urlTemplate\":\"https:\\\/\\\/delormel-pompes-funebres-marbrerie.com\\\/?s={search_term_string}\"},\"query-input\":{\"@type\":\"PropertyValueSpecification\",\"valueRequired\":true,\"valueName\":\"search_term_string\"}}],\"inLanguage\":\"en-GB\"}]}<\/script>\n<!-- \/ Yoast SEO plugin. -->","yoast_head_json":{"title":"Pompes fun\u00e8bres - Pompes fun\u00e8bres Delormel &amp; fils - St Just en Chauss\u00e9e","description":"Organisation compl\u00e8te de fun\u00e9railles, d\u00e9claration de d\u00e9c\u00e8s, contrats d\u2019obs\u00e8ques, marbrerie, salon fun\u00e9raire. Nous sommes \u00e0 votre disposition 24h\/24 et 7j\/7.","robots":{"index":"index","follow":"follow","max-snippet":"max-snippet:-1","max-image-preview":"max-image-preview:large","max-video-preview":"max-video-preview:-1"},"canonical":"https:\/\/delormel-pompes-funebres-marbrerie.com\/en\/pompes-funebres\/","og_locale":"en_GB","og_type":"article","og_title":"Pompes fun\u00e8bres - Pompes fun\u00e8bres Delormel &amp; fils - St Just en Chauss\u00e9e","og_description":"Organisation compl\u00e8te de fun\u00e9railles, d\u00e9claration de d\u00e9c\u00e8s, contrats d\u2019obs\u00e8ques, marbrerie, salon fun\u00e9raire. Nous sommes \u00e0 votre disposition 24h\/24 et 7j\/7.","og_url":"https:\/\/delormel-pompes-funebres-marbrerie.com\/en\/pompes-funebres\/","og_site_name":"Pompes fun\u00e8bres Delormel &amp; fils - St Just en Chauss\u00e9e","article_modified_time":"2026-01-27T16:39:05+00:00","og_image":[{"width":437,"height":291,"url":"https:\/\/delormel-pompes-funebres-marbrerie.com\/wp-content\/uploads\/2020\/03\/e6ecbd29337b4febbd3973c5fad1bc3e.jpg","type":"image\/jpeg"}],"twitter_card":"summary_large_image","twitter_misc":{"Estimated reading time":"3 minutes"},"schema":{"@context":"https:\/\/schema.org","@graph":[{"@type":"WebPage","@id":"https:\/\/delormel-pompes-funebres-marbrerie.com\/pompes-funebres\/","url":"https:\/\/delormel-pompes-funebres-marbrerie.com\/pompes-funebres\/","name":"Pompes fun\u00e8bres - Pompes fun\u00e8bres Delormel &amp; fils - St Just en Chauss\u00e9e","isPartOf":{"@id":"https:\/\/delormel-pompes-funebres-marbrerie.com\/#website"},"datePublished":"2015-05-07T05:55:52+00:00","dateModified":"2026-01-27T16:39:05+00:00","description":"Organisation compl\u00e8te de fun\u00e9railles, d\u00e9claration de d\u00e9c\u00e8s, contrats d\u2019obs\u00e8ques, marbrerie, salon fun\u00e9raire. Nous sommes \u00e0 votre disposition 24h\/24 et 7j\/7.","breadcrumb":{"@id":"https:\/\/delormel-pompes-funebres-marbrerie.com\/pompes-funebres\/#breadcrumb"},"inLanguage":"en-GB","potentialAction":[{"@type":"ReadAction","target":["https:\/\/delormel-pompes-funebres-marbrerie.com\/pompes-funebres\/"]}]},{"@type":"BreadcrumbList","@id":"https:\/\/delormel-pompes-funebres-marbrerie.com\/pompes-funebres\/#breadcrumb","itemListElement":[{"@type":"ListItem","position":1,"name":"Accueil","item":"https:\/\/delormel-pompes-funebres-marbrerie.com\/"},{"@type":"ListItem","position":2,"name":"Pompes fun\u00e8bres"}]},{"@type":"WebSite","@id":"https:\/\/delormel-pompes-funebres-marbrerie.com\/#website","url":"https:\/\/delormel-pompes-funebres-marbrerie.com\/","name":"Pompes fun\u00e8bres Delormel et fils","description":"Pompes fun\u00e8bres et marbrerie fun\u00e9raire","potentialAction":[{"@type":"SearchAction","target":{"@type":"EntryPoint","urlTemplate":"https:\/\/delormel-pompes-funebres-marbrerie.com\/?s={search_term_string}"},"query-input":{"@type":"PropertyValueSpecification","valueRequired":true,"valueName":"search_term_string"}}],"inLanguage":"en-GB"}]}},"_links":{"self":[{"href":"https:\/\/delormel-pompes-funebres-marbrerie.com\/en\/wp-json\/wp\/v2\/pages\/598","targetHints":{"allow":["GET"]}}],"collection":[{"href":"https:\/\/delormel-pompes-funebres-marbrerie.com\/en\/wp-json\/wp\/v2\/pages"}],"about":[{"href":"https:\/\/delormel-pompes-funebres-marbrerie.com\/en\/wp-json\/wp\/v2\/types\/page"}],"author":[{"embeddable":true,"href":"https:\/\/delormel-pompes-funebres-marbrerie.com\/en\/wp-json\/wp\/v2\/users\/1"}],"replies":[{"embeddable":true,"href":"https:\/\/delormel-pompes-funebres-marbrerie.com\/en\/wp-json\/wp\/v2\/comments?post=598"}],"version-history":[{"count":16,"href":"https:\/\/delormel-pompes-funebres-marbrerie.com\/en\/wp-json\/wp\/v2\/pages\/598\/revisions"}],"predecessor-version":[{"id":4679,"href":"https:\/\/delormel-pompes-funebres-marbrerie.com\/en\/wp-json\/wp\/v2\/pages\/598\/revisions\/4679"}],"wp:attachment":[{"href":"https:\/\/delormel-pompes-funebres-marbrerie.com\/en\/wp-json\/wp\/v2\/media?parent=598"}],"curies":[{"name":"wp","href":"https:\/\/api.w.org\/{rel}","templated":true}]}}