{"id":448,"date":"2015-05-06T08:46:28","date_gmt":"2015-05-06T08:46:28","guid":{"rendered":"http:\/\/blessing.ancorathemes.com\/?page_id=448"},"modified":"2026-01-27T17:40:44","modified_gmt":"2026-01-27T16:40:44","slug":"contrat-obseques","status":"publish","type":"page","link":"https:\/\/delormel-pompes-funebres-marbrerie.com\/en\/contrat-obseques\/","title":{"rendered":"Contrat obs\u00e8ques"},"content":{"rendered":"<div class=\"wpb-content-wrapper\"><div class=\"vc_row wpb_row vc_row-fluid\"><div class=\"wpb_column vc_column_container vc_col-sm-12\"><div class=\"vc_column-inner\"><div class=\"wpb_wrapper\"><div class=\"sc_section\"><figure class=\"sc_image  sc_image_shape_square\"><div style=\"padding: 0.4em; padding-bottom: 0;\"><img decoding=\"async\" src=\"https:\/\/delormel-pompes-funebres-marbrerie.com\/wp-content\/uploads\/2020\/03\/senior-prevoyance.jpg\" alt=\"\" \/><\/div><\/figure><h2 class=\"sc_title sc_title_underline\" style=\"margin-top:0px;\">Contrat obs\u00e8ques<\/h2><div class=\"columns_wrap sc_columns columns_nofluid sc_columns_count_2\" style=\"margin-top:1em;\" data-animation=\"animated fadeInUp normal\"><div class=\"column-1_2 sc_column_item sc_column_item_1 odd first\">\n\t<div class=\"wpb_text_column wpb_content_element\" >\n\t\t<div class=\"wpb_wrapper\">\n\t\t\t<p>Le\u00a0contrat obs\u00e8ques\u00a0dispose normalement de deux parties\u00a0: une partie financement et une partie convention d\u2019obs\u00e8ques. La premi\u00e8re engage l\u2019assureur \u00e0 verser, suite au d\u00e9c\u00e8s, le capital constitu\u00e9 aupr\u00e8s de l\u2019agence de pompes fun\u00e8bres que le d\u00e9funt aura choisi avant son d\u00e9c\u00e8s. La\u00a0convention d\u2019obs\u00e8ques, elle, d\u00e9tient toutes les demandes du d\u00e9funt vis-\u00e0-vis des prestations fun\u00e9raires que l\u2019op\u00e9rateur fun\u00e9raire s\u2019engage \u00e0 r\u00e9aliser. Vous pouvez ainsi choisir la formule de contrat qui vous convient au mieux avec de nombreuses possibilit\u00e9s de versements uniques ou p\u00e9riodiques. Vous pouvez ainsi progressivement pr\u00e9parer et organiser vos obs\u00e8ques et vous assurer qu\u2019elles se d\u00e9roulent comme vous le souhaitez. Quel que soit votre \u00e2ge et votre condition de sant\u00e9, notre r\u00f4le est de vous conseiller et de vous donner acc\u00e8s \u00e0 nos diff\u00e9rents types de contrats obs\u00e8ques. Ne laissez plus rien au hasard, prenez votre destin en main et faites d\u00e8s aujourd\u2019hui vos propres choix.<\/p>\n\n\t\t<\/div>\n\t<\/div>\n<\/div><div class=\"column-1_2 sc_column_item sc_column_item_2 even\">\n\t<div class=\"wpb_text_column wpb_content_element\" >\n\t\t<div class=\"wpb_wrapper\">\n\t\t\t<p>Au cours de notre vie, nous sommes ma\u00eetres de nos propres choix mais qu\u2019en est-il apr\u00e8s ? Pour pallier cela, il existe le contrat obs\u00e8ques. Ce dernier entre dans le cadre juridique de l\u2019assurance vie et r\u00e9pond aux r\u00e8gles d\u00e9finies dans le Code des Assurances. Cela vous assure ainsi \u00e0 l\u2019avance un contrat d\u2019assurance vie et un contrat de prestations fun\u00e9raires. Ainsi, vous choisissez le type de c\u00e9r\u00e9monie et le monument fun\u00e9raire souhait\u00e9, les options choisies et les autres diff\u00e9rentes prestations d\u00e9sir\u00e9es. Cela permet \u00a0\u00e9galement d\u2019\u00e9pargner \u00e0 vos proches toutes les d\u00e9marches concernant l\u2019organisation des obs\u00e8ques en plus du poids financier que vous leur \u00f4tez. Dans le deuil, vos proches et votre famille ne seront pas seuls, accompagn\u00e9s par notre \u00e9quipe de professionnels, les Pompes Fun\u00e8bres Delormel, qui interviennent dans un moment difficile. Pour plus d\u2019informations sur nos diff\u00e9rentes prestations fun\u00e9raires, <a href=\"https:\/\/delormel-pompes-funebres-marbrerie.com\/en\/contact\/\">contactez-nous<\/a>. Nous restons \u00e0 votre disposition tous les jours de la semaine avec une permanence t\u00e9l\u00e9phonique en cas de d\u00e9c\u00e8s 7j\/7 et 24h\/24.<\/p>\n\n\t\t<\/div>\n\t<\/div>\n<\/div><\/div><\/div><\/div><\/div><\/div><\/div><div class=\"vc_row wpb_row vc_row-fluid\"><div class=\"wpb_column vc_column_container vc_col-sm-12\"><div class=\"vc_column-inner\"><div class=\"wpb_wrapper\"><figure class=\"sc_image  sc_image_shape_square\"><div style=\"padding: 0.4em; padding-bottom: 0;\"><img decoding=\"async\" src=\"https:\/\/delormel-pompes-funebres-marbrerie.com\/wp-content\/uploads\/2020\/03\/photo-1484619817839-dfc3452be01f-e1584798336900.jpeg\" alt=\"\" \/><\/div><\/figure><\/div><\/div><\/div><\/div><div class=\"vc_row wpb_row vc_row-fluid\"><div class=\"wpb_column vc_column_container vc_col-sm-12\"><div class=\"vc_column-inner\"><div class=\"wpb_wrapper\"><div class=\"sc_section\"><div class=\"sc_content content_wrap\" data-animation=\"animated fadeInUp normal\" style=\"margin-top:1.8em !important;\"><h2 class=\"sc_title sc_title_regular sc_align_center fig_border\" style=\"text-align:center;\">Nos Services<\/h2><div class=\"columns_wrap sc_columns columns_nofluid sc_columns_count_5 history_service\" style=\"margin-bottom:5em;\"><div class=\"column-1_5 sc_column_item sc_column_item_1 odd first\"><figure class=\"sc_image  sc_image_shape_square\" style=\"width:11.866em;\"><div style=\"padding: 0.4em; padding-bottom: 0;\"><img decoding=\"async\" src=\"https:\/\/delormel-pompes-funebres-marbrerie.com\/wp-content\/uploads\/2015\/05\/Depositphotos_25370281_original.jpg?ver=1769436609\" alt=\"\" \/><\/div><\/figure>\n\t<div class=\"wpb_text_column wpb_content_element\" >\n\t\t<div class=\"wpb_wrapper\">\n\t\t\t<p style=\"text-align: center;\"><a href=\"https:\/\/delormel-pompes-funebres-marbrerie.com\/en\/pompes-funebres\/\">Organisation d&rsquo;obs\u00e8ques<\/a><\/p>\n\n\t\t<\/div>\n\t<\/div>\n<\/div><div class=\"column-1_5 sc_column_item sc_column_item_2 even\"><figure class=\"sc_image  sc_image_shape_square\" style=\"width:11.866em;\"><div style=\"padding: 0.4em; padding-bottom: 0;\"><img decoding=\"async\" src=\"https:\/\/delormel-pompes-funebres-marbrerie.com\/wp-content\/uploads\/2015\/04\/Depositphotos_12383716_original.jpg?ver=1769436842\" alt=\"\" \/><\/div><\/figure>\n\t<div class=\"wpb_text_column wpb_content_element\" >\n\t\t<div class=\"wpb_wrapper\">\n\t\t\t<p style=\"text-align: center;\"><a href=\"https:\/\/delormel-pompes-funebres-marbrerie.com\/en\/marbrerie-funeraire\/\">Marbrerie fun\u00e9raire<\/a><\/p>\n\n\t\t<\/div>\n\t<\/div>\n<\/div><div class=\"column-1_5 sc_column_item sc_column_item_3 odd\"><figure class=\"sc_image  sc_image_shape_square\" style=\"width:11.866em;\"><div style=\"padding: 0.4em; padding-bottom: 0;\"><img decoding=\"async\" src=\"https:\/\/delormel-pompes-funebres-marbrerie.com\/wp-content\/uploads\/2015\/05\/hands.jpg?ver=1769436957\" alt=\"\" \/><\/div><\/figure>\n\t<div class=\"wpb_text_column wpb_content_element\" >\n\t\t<div class=\"wpb_wrapper\">\n\t\t\t<p style=\"text-align: center;\"><a href=\"https:\/\/delormel-pompes-funebres-marbrerie.com\/en\/contrat-obseques\/\">Accompagnement<\/a><\/p>\n\n\t\t<\/div>\n\t<\/div>\n<\/div><div class=\"column-1_5 sc_column_item sc_column_item_4 even\"><figure class=\"sc_image  sc_image_shape_square\" style=\"width:11.866em;\"><div style=\"padding: 0.4em; padding-bottom: 0;\"><img decoding=\"async\" src=\"https:\/\/delormel-pompes-funebres-marbrerie.com\/wp-content\/uploads\/2015\/04\/Depositphotos_24646197_original.jpg?ver=1769437081\" alt=\"\" \/><\/div><\/figure>\n\t<div class=\"wpb_text_column wpb_content_element\" >\n\t\t<div class=\"wpb_wrapper\">\n\t\t\t<p style=\"text-align: center;\"><a href=\"https:\/\/delormel-pompes-funebres-marbrerie.com\/en\/blog\/\">N\u00e9crologie<\/a><\/p>\n\n\t\t<\/div>\n\t<\/div>\n<\/div><div class=\"column-1_5 sc_column_item sc_column_item_5 odd\"><figure class=\"sc_image  sc_image_shape_square\" style=\"width:11.866em;\"><div style=\"padding: 0.4em; padding-bottom: 0;\"><img decoding=\"async\" src=\"https:\/\/delormel-pompes-funebres-marbrerie.com\/wp-content\/uploads\/2015\/04\/Depositphotos_2822236_original.jpg?ver=1769437203\" alt=\"\" \/><\/div><\/figure>\n\t<div class=\"wpb_text_column wpb_content_element\" >\n\t\t<div class=\"wpb_wrapper\">\n\t\t\t<p style=\"text-align: center;\"><a href=\"https:\/\/delormel-pompes-funebres-marbrerie.com\/en\/galerie-photos\/\">Fleurs et pr\u00e9sents<\/a><\/p>\n\n\t\t<\/div>\n\t<\/div>\n<\/div><\/div><\/div><\/div><\/div><\/div><\/div><\/div>\n<\/div>","protected":false},"excerpt":{"rendered":"Contrat obs\u00e8ques Le\u00a0contrat obs\u00e8ques\u00a0dispose normalement de deux parties\u00a0: une partie financement et une partie convention d\u2019obs\u00e8ques. La premi\u00e8re engage l\u2019assureur \u00e0 verser, suite au d\u00e9c\u00e8s, le capital constitu\u00e9 aupr\u00e8s de l\u2019agence de pompes fun\u00e8bres que le d\u00e9funt aura choisi avant son d\u00e9c\u00e8s. La\u00a0convention d\u2019obs\u00e8ques, elle, d\u00e9tient toutes les demandes du d\u00e9funt vis-\u00e0-vis des prestations fun\u00e9raires [...]","protected":false},"author":1,"featured_media":0,"parent":0,"menu_order":0,"comment_status":"open","ping_status":"open","template":"","meta":{"footnotes":""},"class_list":["post-448","page","type-page","status-publish","hentry"],"yoast_head":"<!-- This site is optimized with the Yoast SEO plugin v27.4 - https:\/\/yoast.com\/product\/yoast-seo-wordpress\/ -->\n<title>Contrat obs\u00e8ques - Pompes fun\u00e8bres Delormel &amp; fils - St Just en Chauss\u00e9e<\/title>\n<meta name=\"description\" content=\"Pr\u00e9voyance : au cours de notre vie, nous sommes ma\u00eetres de nos propres choix, mais qu\u2019en est-il apr\u00e8s ? Pour pallier cela, il existe le contrat obs\u00e8ques.\" \/>\n<meta name=\"robots\" content=\"index, follow, max-snippet:-1, max-image-preview:large, max-video-preview:-1\" \/>\n<link rel=\"canonical\" href=\"https:\/\/delormel-pompes-funebres-marbrerie.com\/en\/contrat-obseques\/\" \/>\n<meta property=\"og:locale\" content=\"en_GB\" \/>\n<meta property=\"og:type\" content=\"article\" \/>\n<meta property=\"og:title\" content=\"Contrat obs\u00e8ques - Pompes fun\u00e8bres Delormel &amp; fils - St Just en Chauss\u00e9e\" \/>\n<meta property=\"og:description\" content=\"Pr\u00e9voyance : au cours de notre vie, nous sommes ma\u00eetres de nos propres choix, mais qu\u2019en est-il apr\u00e8s ? Pour pallier cela, il existe le contrat obs\u00e8ques.\" \/>\n<meta property=\"og:url\" content=\"https:\/\/delormel-pompes-funebres-marbrerie.com\/en\/contrat-obseques\/\" \/>\n<meta property=\"og:site_name\" content=\"Pompes fun\u00e8bres Delormel &amp; fils - St Just en Chauss\u00e9e\" \/>\n<meta property=\"article:modified_time\" content=\"2026-01-27T16:40:44+00:00\" \/>\n<meta property=\"og:image\" content=\"https:\/\/delormel-pompes-funebres-marbrerie.com\/wp-content\/uploads\/2020\/03\/e6ecbd29337b4febbd3973c5fad1bc3e.jpg\" \/>\n\t<meta property=\"og:image:width\" content=\"437\" \/>\n\t<meta property=\"og:image:height\" content=\"291\" \/>\n\t<meta property=\"og:image:type\" content=\"image\/jpeg\" \/>\n<meta name=\"twitter:card\" content=\"summary_large_image\" \/>\n<meta name=\"twitter:label1\" content=\"Estimated reading time\" \/>\n\t<meta name=\"twitter:data1\" content=\"2 minutes\" \/>\n<script type=\"application\/ld+json\" class=\"yoast-schema-graph\">{\"@context\":\"https:\\\/\\\/schema.org\",\"@graph\":[{\"@type\":\"WebPage\",\"@id\":\"https:\\\/\\\/delormel-pompes-funebres-marbrerie.com\\\/contrat-obseques\\\/\",\"url\":\"https:\\\/\\\/delormel-pompes-funebres-marbrerie.com\\\/contrat-obseques\\\/\",\"name\":\"Contrat obs\u00e8ques - Pompes fun\u00e8bres Delormel &amp; fils - St Just en Chauss\u00e9e\",\"isPartOf\":{\"@id\":\"https:\\\/\\\/delormel-pompes-funebres-marbrerie.com\\\/#website\"},\"datePublished\":\"2015-05-06T08:46:28+00:00\",\"dateModified\":\"2026-01-27T16:40:44+00:00\",\"description\":\"Pr\u00e9voyance : au cours de notre vie, nous sommes ma\u00eetres de nos propres choix, mais qu\u2019en est-il apr\u00e8s ? Pour pallier cela, il existe le contrat obs\u00e8ques.\",\"breadcrumb\":{\"@id\":\"https:\\\/\\\/delormel-pompes-funebres-marbrerie.com\\\/contrat-obseques\\\/#breadcrumb\"},\"inLanguage\":\"en-GB\",\"potentialAction\":[{\"@type\":\"ReadAction\",\"target\":[\"https:\\\/\\\/delormel-pompes-funebres-marbrerie.com\\\/contrat-obseques\\\/\"]}]},{\"@type\":\"BreadcrumbList\",\"@id\":\"https:\\\/\\\/delormel-pompes-funebres-marbrerie.com\\\/contrat-obseques\\\/#breadcrumb\",\"itemListElement\":[{\"@type\":\"ListItem\",\"position\":1,\"name\":\"Accueil\",\"item\":\"https:\\\/\\\/delormel-pompes-funebres-marbrerie.com\\\/\"},{\"@type\":\"ListItem\",\"position\":2,\"name\":\"Contrat obs\u00e8ques\"}]},{\"@type\":\"WebSite\",\"@id\":\"https:\\\/\\\/delormel-pompes-funebres-marbrerie.com\\\/#website\",\"url\":\"https:\\\/\\\/delormel-pompes-funebres-marbrerie.com\\\/\",\"name\":\"Pompes fun\u00e8bres Delormel et fils\",\"description\":\"Pompes fun\u00e8bres et marbrerie fun\u00e9raire\",\"potentialAction\":[{\"@type\":\"SearchAction\",\"target\":{\"@type\":\"EntryPoint\",\"urlTemplate\":\"https:\\\/\\\/delormel-pompes-funebres-marbrerie.com\\\/?s={search_term_string}\"},\"query-input\":{\"@type\":\"PropertyValueSpecification\",\"valueRequired\":true,\"valueName\":\"search_term_string\"}}],\"inLanguage\":\"en-GB\"}]}<\/script>\n<!-- \/ Yoast SEO plugin. -->","yoast_head_json":{"title":"Contrat obs\u00e8ques - Pompes fun\u00e8bres Delormel &amp; fils - St Just en Chauss\u00e9e","description":"Pr\u00e9voyance : au cours de notre vie, nous sommes ma\u00eetres de nos propres choix, mais qu\u2019en est-il apr\u00e8s ? Pour pallier cela, il existe le contrat obs\u00e8ques.","robots":{"index":"index","follow":"follow","max-snippet":"max-snippet:-1","max-image-preview":"max-image-preview:large","max-video-preview":"max-video-preview:-1"},"canonical":"https:\/\/delormel-pompes-funebres-marbrerie.com\/en\/contrat-obseques\/","og_locale":"en_GB","og_type":"article","og_title":"Contrat obs\u00e8ques - Pompes fun\u00e8bres Delormel &amp; fils - St Just en Chauss\u00e9e","og_description":"Pr\u00e9voyance : au cours de notre vie, nous sommes ma\u00eetres de nos propres choix, mais qu\u2019en est-il apr\u00e8s ? Pour pallier cela, il existe le contrat obs\u00e8ques.","og_url":"https:\/\/delormel-pompes-funebres-marbrerie.com\/en\/contrat-obseques\/","og_site_name":"Pompes fun\u00e8bres Delormel &amp; fils - St Just en Chauss\u00e9e","article_modified_time":"2026-01-27T16:40:44+00:00","og_image":[{"width":437,"height":291,"url":"https:\/\/delormel-pompes-funebres-marbrerie.com\/wp-content\/uploads\/2020\/03\/e6ecbd29337b4febbd3973c5fad1bc3e.jpg","type":"image\/jpeg"}],"twitter_card":"summary_large_image","twitter_misc":{"Estimated reading time":"2 minutes"},"schema":{"@context":"https:\/\/schema.org","@graph":[{"@type":"WebPage","@id":"https:\/\/delormel-pompes-funebres-marbrerie.com\/contrat-obseques\/","url":"https:\/\/delormel-pompes-funebres-marbrerie.com\/contrat-obseques\/","name":"Contrat obs\u00e8ques - Pompes fun\u00e8bres Delormel &amp; fils - St Just en Chauss\u00e9e","isPartOf":{"@id":"https:\/\/delormel-pompes-funebres-marbrerie.com\/#website"},"datePublished":"2015-05-06T08:46:28+00:00","dateModified":"2026-01-27T16:40:44+00:00","description":"Pr\u00e9voyance : au cours de notre vie, nous sommes ma\u00eetres de nos propres choix, mais qu\u2019en est-il apr\u00e8s ? Pour pallier cela, il existe le contrat obs\u00e8ques.","breadcrumb":{"@id":"https:\/\/delormel-pompes-funebres-marbrerie.com\/contrat-obseques\/#breadcrumb"},"inLanguage":"en-GB","potentialAction":[{"@type":"ReadAction","target":["https:\/\/delormel-pompes-funebres-marbrerie.com\/contrat-obseques\/"]}]},{"@type":"BreadcrumbList","@id":"https:\/\/delormel-pompes-funebres-marbrerie.com\/contrat-obseques\/#breadcrumb","itemListElement":[{"@type":"ListItem","position":1,"name":"Accueil","item":"https:\/\/delormel-pompes-funebres-marbrerie.com\/"},{"@type":"ListItem","position":2,"name":"Contrat obs\u00e8ques"}]},{"@type":"WebSite","@id":"https:\/\/delormel-pompes-funebres-marbrerie.com\/#website","url":"https:\/\/delormel-pompes-funebres-marbrerie.com\/","name":"Pompes fun\u00e8bres Delormel et fils","description":"Pompes fun\u00e8bres et marbrerie fun\u00e9raire","potentialAction":[{"@type":"SearchAction","target":{"@type":"EntryPoint","urlTemplate":"https:\/\/delormel-pompes-funebres-marbrerie.com\/?s={search_term_string}"},"query-input":{"@type":"PropertyValueSpecification","valueRequired":true,"valueName":"search_term_string"}}],"inLanguage":"en-GB"}]}},"_links":{"self":[{"href":"https:\/\/delormel-pompes-funebres-marbrerie.com\/en\/wp-json\/wp\/v2\/pages\/448","targetHints":{"allow":["GET"]}}],"collection":[{"href":"https:\/\/delormel-pompes-funebres-marbrerie.com\/en\/wp-json\/wp\/v2\/pages"}],"about":[{"href":"https:\/\/delormel-pompes-funebres-marbrerie.com\/en\/wp-json\/wp\/v2\/types\/page"}],"author":[{"embeddable":true,"href":"https:\/\/delormel-pompes-funebres-marbrerie.com\/en\/wp-json\/wp\/v2\/users\/1"}],"replies":[{"embeddable":true,"href":"https:\/\/delormel-pompes-funebres-marbrerie.com\/en\/wp-json\/wp\/v2\/comments?post=448"}],"version-history":[{"count":15,"href":"https:\/\/delormel-pompes-funebres-marbrerie.com\/en\/wp-json\/wp\/v2\/pages\/448\/revisions"}],"predecessor-version":[{"id":4663,"href":"https:\/\/delormel-pompes-funebres-marbrerie.com\/en\/wp-json\/wp\/v2\/pages\/448\/revisions\/4663"}],"wp:attachment":[{"href":"https:\/\/delormel-pompes-funebres-marbrerie.com\/en\/wp-json\/wp\/v2\/media?parent=448"}],"curies":[{"name":"wp","href":"https:\/\/api.w.org\/{rel}","templated":true}]}}