{"id":366,"date":"2015-05-05T09:47:42","date_gmt":"2015-05-05T09:47:42","guid":{"rendered":"http:\/\/blessing.ancorathemes.com\/?page_id=366"},"modified":"2026-01-27T17:39:50","modified_gmt":"2026-01-27T16:39:50","slug":"marbrerie-funeraire","status":"publish","type":"page","link":"https:\/\/delormel-pompes-funebres-marbrerie.com\/en\/marbrerie-funeraire\/","title":{"rendered":"Marbrerie fun\u00e9raire"},"content":{"rendered":"<div class=\"wpb-content-wrapper\"><div class=\"vc_row wpb_row vc_row-fluid\"><div class=\"wpb_column vc_column_container vc_col-sm-12\"><div class=\"vc_column-inner\"><div class=\"wpb_wrapper\"><div class=\"columns_wrap sc_columns columns_nofluid sc_columns_count_5\" data-animation=\"animated fadeInUp normal\"><div class=\"column-3_5 sc_column_item sc_column_item_1 odd first span_3\"><h4 class=\"sc_title sc_title_regular\" style=\"margin-top:0px;\"><\/p>\n<h2 class=\"western\"><span style=\"color: #000000;\"><span style=\"font-family: Alice, serif, serif, Lato, sans-serif;\"><b>Marbrier fun\u00e9raire \u00e0 Saint-Just-en-Chauss\u00e9e et \u00e0 Estr\u00e9es Saint Denis<\/b><\/span><\/span><\/h2>\n<p><\/h4>\n\t<div class=\"wpb_text_column wpb_content_element\" >\n\t\t<div class=\"wpb_wrapper\">\n\t\t\t<p>Quels monuments choisir pour votre proche disparu ? Le choix du monument fun\u00e9raire ou cin\u00e9raire, de la pierre tombale ou de la st\u00e8le fun\u00e9raire est toujours une d\u00e9cision sensible. Les Pompes Fun\u00e8bres Delormel ont conscience d&rsquo;intervenir dans un contexte \u00e9motionnel difficile. Vous vous demandez quel choix pourrait correspondre au mieux aux attentes et \u00e0 la personnalit\u00e9 du d\u00e9funt ? Votre marbrier fun\u00e9raire est justement \u00e0 votre enti\u00e8re \u00e9coute afin de cr\u00e9er le mod\u00e8le qui vous correspondra au mieux et qui saura respecter votre budget. Diff\u00e9rentes options sont alors possibles. Tout d\u2019abord, il y a le choix du mat\u00e9riau qui d\u00e9terminera l\u2019entretien futur de la s\u00e9pulture. Granit, pierre ou marbre, l\u2019aspect visuel change en cons\u00e9quence du mat\u00e9riau choisi. Sachez que les marbriers fun\u00e9raires privil\u00e9gient davantage la pierre et le granit que le marbre car ce dernier est restreint en termes de coloris et n\u2019est pas tr\u00e8s r\u00e9sistant face aux intemp\u00e9ries. Apr\u00e8s, il y a l\u2019ornementation. En effet, le monument et la plaque fun\u00e9raire peuvent \u00eatre personnalis\u00e9s et orn\u00e9s. Vous pouvez ainsi choisir de graver une phrase ou un portrait dans le monument. Ainsi, vous l\u2019aurez compris, nous pouvons cr\u00e9er le monument fun\u00e9raire qui correspond \u00e0 vos attentes et ce, dans des d\u00e9lais respectables.<\/p>\n<p>Une fois le mat\u00e9riau et l\u2019ornementation choisis ainsi que le monument enti\u00e8rement confectionn\u00e9 et install\u00e9, les Pompes Fun\u00e8bres Delormel mettent \u00e0 votre disposition un service d\u2019entretien et de nettoyage des s\u00e9pultures et monuments fun\u00e9raires. De plus, nous r\u00e9alisons \u00e9galement le fleurissement de s\u00e9pultures avec un choix vari\u00e9 de compositions florales.<\/p>\n\n\t\t<\/div>\n\t<\/div>\n<\/div><div class=\"column-2_5 sc_column_item sc_column_item_4 even span_2 after_span_3\"><figure class=\"sc_image  sc_image_shape_square\"><div style=\"padding: 0.4em; padding-bottom: 0;\"><img decoding=\"async\" src=\"https:\/\/delormel-pompes-funebres-marbrerie.com\/wp-content\/uploads\/2020\/04\/marbrerie-delormel-e1587827203930.jpg\" alt=\"\" \/><\/div><\/figure><figure class=\"sc_image  sc_image_shape_square\"><div style=\"padding: 0.4em; padding-bottom: 0;\"><img decoding=\"async\" src=\"https:\/\/delormel-pompes-funebres-marbrerie.com\/wp-content\/uploads\/2020\/04\/marbrerie.jpg\" alt=\"\" \/><\/div><\/figure><figure class=\"sc_image  sc_image_shape_square\"><div style=\"padding: 0.4em; padding-bottom: 0;\"><img decoding=\"async\" src=\"https:\/\/delormel-pompes-funebres-marbrerie.com\/wp-content\/uploads\/2020\/03\/98e489ac5be541db91a9c22306d46571.jpg\" alt=\"\" \/><\/div><\/figure><\/div><\/div><\/div><\/div><\/div><\/div><div class=\"vc_row wpb_row vc_row-fluid\"><div class=\"wpb_column vc_column_container vc_col-sm-12\"><div class=\"vc_column-inner\"><div class=\"wpb_wrapper\"><div class=\"sc_section\"><div class=\"sc_content content_wrap\" data-animation=\"animated fadeInUp normal\" style=\"margin-top:1.8em !important;\"><h2 class=\"sc_title sc_title_regular sc_align_center fig_border\" style=\"text-align:center;\">Nos Services<\/h2><div class=\"columns_wrap sc_columns columns_nofluid sc_columns_count_5 history_service\" style=\"margin-bottom:5em;\"><div class=\"column-1_5 sc_column_item sc_column_item_1 odd first\"><figure class=\"sc_image  sc_image_shape_square\" style=\"width:11.866em;\"><div style=\"padding: 0.4em; padding-bottom: 0;\"><img decoding=\"async\" src=\"https:\/\/delormel-pompes-funebres-marbrerie.com\/wp-content\/uploads\/2015\/05\/Depositphotos_25370281_original.jpg?ver=1769436609\" alt=\"\" \/><\/div><\/figure>\n\t<div class=\"wpb_text_column wpb_content_element\" >\n\t\t<div class=\"wpb_wrapper\">\n\t\t\t<p style=\"text-align: center;\"><a href=\"https:\/\/delormel-pompes-funebres-marbrerie.com\/en\/pompes-funebres\/\">Organisation d&rsquo;obs\u00e8ques<\/a><\/p>\n\n\t\t<\/div>\n\t<\/div>\n<\/div><div class=\"column-1_5 sc_column_item sc_column_item_2 even\"><figure class=\"sc_image  sc_image_shape_square\" style=\"width:11.866em;\"><div style=\"padding: 0.4em; padding-bottom: 0;\"><img decoding=\"async\" src=\"https:\/\/delormel-pompes-funebres-marbrerie.com\/wp-content\/uploads\/2015\/04\/Depositphotos_12383716_original.jpg?ver=1769436842\" alt=\"\" \/><\/div><\/figure>\n\t<div class=\"wpb_text_column wpb_content_element\" >\n\t\t<div class=\"wpb_wrapper\">\n\t\t\t<p style=\"text-align: center;\"><a href=\"https:\/\/delormel-pompes-funebres-marbrerie.com\/en\/marbrerie-funeraire\/\">Marbrerie fun\u00e9raire<\/a><\/p>\n\n\t\t<\/div>\n\t<\/div>\n<\/div><div class=\"column-1_5 sc_column_item sc_column_item_3 odd\"><figure class=\"sc_image  sc_image_shape_square\" style=\"width:11.866em;\"><div style=\"padding: 0.4em; padding-bottom: 0;\"><img decoding=\"async\" src=\"https:\/\/delormel-pompes-funebres-marbrerie.com\/wp-content\/uploads\/2015\/05\/hands.jpg?ver=1769436957\" alt=\"\" \/><\/div><\/figure>\n\t<div class=\"wpb_text_column wpb_content_element\" >\n\t\t<div class=\"wpb_wrapper\">\n\t\t\t<p style=\"text-align: center;\"><a href=\"https:\/\/delormel-pompes-funebres-marbrerie.com\/en\/contrat-obseques\/\">Accompagnement<\/a><\/p>\n\n\t\t<\/div>\n\t<\/div>\n<\/div><div class=\"column-1_5 sc_column_item sc_column_item_4 even\"><figure class=\"sc_image  sc_image_shape_square\" style=\"width:11.866em;\"><div style=\"padding: 0.4em; padding-bottom: 0;\"><img decoding=\"async\" src=\"https:\/\/delormel-pompes-funebres-marbrerie.com\/wp-content\/uploads\/2020\/04\/Depositphotos_24646197_original.jpg\" alt=\"\" \/><\/div><\/figure>\n\t<div class=\"wpb_text_column wpb_content_element\" >\n\t\t<div class=\"wpb_wrapper\">\n\t\t\t<p style=\"text-align: center;\"><a href=\"https:\/\/delormel-pompes-funebres-marbrerie.com\/en\/blog\/\">N\u00e9crologie<\/a><\/p>\n\n\t\t<\/div>\n\t<\/div>\n<\/div><div class=\"column-1_5 sc_column_item sc_column_item_5 odd\"><figure class=\"sc_image  sc_image_shape_square\" style=\"width:11.866em;\"><div style=\"padding: 0.4em; padding-bottom: 0;\"><img decoding=\"async\" src=\"https:\/\/delormel-pompes-funebres-marbrerie.com\/wp-content\/uploads\/2015\/04\/Depositphotos_2822236_original.jpg?ver=1769437203\" alt=\"\" \/><\/div><\/figure>\n\t<div class=\"wpb_text_column wpb_content_element\" >\n\t\t<div class=\"wpb_wrapper\">\n\t\t\t<p style=\"text-align: center;\"><a href=\"https:\/\/delormel-pompes-funebres-marbrerie.com\/en\/galerie-photos\/\">Fleurs et pr\u00e9sents<\/a><\/p>\n\n\t\t<\/div>\n\t<\/div>\n<\/div><\/div><\/div><\/div><\/div><\/div><\/div><\/div>\n<\/div>","protected":false},"excerpt":{"rendered":"Marbrier fun\u00e9raire \u00e0 Saint-Just-en-Chauss\u00e9e et \u00e0 Estr\u00e9es Saint Denis Quels monuments choisir pour votre proche disparu ? Le choix du monument fun\u00e9raire ou cin\u00e9raire, de la pierre tombale ou de la st\u00e8le fun\u00e9raire est toujours une d\u00e9cision sensible. Les Pompes Fun\u00e8bres Delormel ont conscience d'intervenir dans un contexte \u00e9motionnel difficile. Vous vous demandez quel choix [...]","protected":false},"author":1,"featured_media":0,"parent":0,"menu_order":0,"comment_status":"open","ping_status":"open","template":"","meta":{"footnotes":""},"class_list":["post-366","page","type-page","status-publish","hentry"],"yoast_head":"<!-- This site is optimized with the Yoast SEO plugin v27.4 - https:\/\/yoast.com\/product\/yoast-seo-wordpress\/ -->\n<title>Marbrerie fun\u00e9raire - Pompes fun\u00e8bres Delormel &amp; fils - St Just en Chauss\u00e9e<\/title>\n<meta name=\"description\" content=\"Choix du mat\u00e9riau et de l&#039;ornementation, confection et installation du monument fun\u00e9raire. Services d&#039;entretien, de nettoyage et de fleurissement des s\u00e9pultures.\" \/>\n<meta name=\"robots\" content=\"index, follow, max-snippet:-1, max-image-preview:large, max-video-preview:-1\" \/>\n<link rel=\"canonical\" href=\"https:\/\/delormel-pompes-funebres-marbrerie.com\/en\/marbrerie-funeraire\/\" \/>\n<meta property=\"og:locale\" content=\"en_GB\" \/>\n<meta property=\"og:type\" content=\"article\" \/>\n<meta property=\"og:title\" content=\"Marbrerie fun\u00e9raire - Pompes fun\u00e8bres Delormel &amp; fils - St Just en Chauss\u00e9e\" \/>\n<meta property=\"og:description\" content=\"Choix du mat\u00e9riau et de l&#039;ornementation, confection et installation du monument fun\u00e9raire. Services d&#039;entretien, de nettoyage et de fleurissement des s\u00e9pultures.\" \/>\n<meta property=\"og:url\" content=\"https:\/\/delormel-pompes-funebres-marbrerie.com\/en\/marbrerie-funeraire\/\" \/>\n<meta property=\"og:site_name\" content=\"Pompes fun\u00e8bres Delormel &amp; fils - St Just en Chauss\u00e9e\" \/>\n<meta property=\"article:modified_time\" content=\"2026-01-27T16:39:50+00:00\" \/>\n<meta property=\"og:image\" content=\"https:\/\/delormel-pompes-funebres-marbrerie.com\/wp-content\/uploads\/2020\/03\/e6ecbd29337b4febbd3973c5fad1bc3e.jpg\" \/>\n\t<meta property=\"og:image:width\" content=\"437\" \/>\n\t<meta property=\"og:image:height\" content=\"291\" \/>\n\t<meta property=\"og:image:type\" content=\"image\/jpeg\" \/>\n<meta name=\"twitter:card\" content=\"summary_large_image\" \/>\n<meta name=\"twitter:label1\" content=\"Estimated reading time\" \/>\n\t<meta name=\"twitter:data1\" content=\"2 minutes\" \/>\n<script type=\"application\/ld+json\" class=\"yoast-schema-graph\">{\"@context\":\"https:\\\/\\\/schema.org\",\"@graph\":[{\"@type\":\"WebPage\",\"@id\":\"https:\\\/\\\/delormel-pompes-funebres-marbrerie.com\\\/marbrerie-funeraire\\\/\",\"url\":\"https:\\\/\\\/delormel-pompes-funebres-marbrerie.com\\\/marbrerie-funeraire\\\/\",\"name\":\"Marbrerie fun\u00e9raire - Pompes fun\u00e8bres Delormel &amp; fils - St Just en Chauss\u00e9e\",\"isPartOf\":{\"@id\":\"https:\\\/\\\/delormel-pompes-funebres-marbrerie.com\\\/#website\"},\"datePublished\":\"2015-05-05T09:47:42+00:00\",\"dateModified\":\"2026-01-27T16:39:50+00:00\",\"description\":\"Choix du mat\u00e9riau et de l'ornementation, confection et installation du monument fun\u00e9raire. Services d'entretien, de nettoyage et de fleurissement des s\u00e9pultures.\",\"breadcrumb\":{\"@id\":\"https:\\\/\\\/delormel-pompes-funebres-marbrerie.com\\\/marbrerie-funeraire\\\/#breadcrumb\"},\"inLanguage\":\"en-GB\",\"potentialAction\":[{\"@type\":\"ReadAction\",\"target\":[\"https:\\\/\\\/delormel-pompes-funebres-marbrerie.com\\\/marbrerie-funeraire\\\/\"]}]},{\"@type\":\"BreadcrumbList\",\"@id\":\"https:\\\/\\\/delormel-pompes-funebres-marbrerie.com\\\/marbrerie-funeraire\\\/#breadcrumb\",\"itemListElement\":[{\"@type\":\"ListItem\",\"position\":1,\"name\":\"Accueil\",\"item\":\"https:\\\/\\\/delormel-pompes-funebres-marbrerie.com\\\/\"},{\"@type\":\"ListItem\",\"position\":2,\"name\":\"Marbrerie fun\u00e9raire\"}]},{\"@type\":\"WebSite\",\"@id\":\"https:\\\/\\\/delormel-pompes-funebres-marbrerie.com\\\/#website\",\"url\":\"https:\\\/\\\/delormel-pompes-funebres-marbrerie.com\\\/\",\"name\":\"Pompes fun\u00e8bres Delormel et fils\",\"description\":\"Pompes fun\u00e8bres et marbrerie fun\u00e9raire\",\"potentialAction\":[{\"@type\":\"SearchAction\",\"target\":{\"@type\":\"EntryPoint\",\"urlTemplate\":\"https:\\\/\\\/delormel-pompes-funebres-marbrerie.com\\\/?s={search_term_string}\"},\"query-input\":{\"@type\":\"PropertyValueSpecification\",\"valueRequired\":true,\"valueName\":\"search_term_string\"}}],\"inLanguage\":\"en-GB\"}]}<\/script>\n<!-- \/ Yoast SEO plugin. -->","yoast_head_json":{"title":"Marbrerie fun\u00e9raire - Pompes fun\u00e8bres Delormel &amp; fils - St Just en Chauss\u00e9e","description":"Choix du mat\u00e9riau et de l'ornementation, confection et installation du monument fun\u00e9raire. Services d'entretien, de nettoyage et de fleurissement des s\u00e9pultures.","robots":{"index":"index","follow":"follow","max-snippet":"max-snippet:-1","max-image-preview":"max-image-preview:large","max-video-preview":"max-video-preview:-1"},"canonical":"https:\/\/delormel-pompes-funebres-marbrerie.com\/en\/marbrerie-funeraire\/","og_locale":"en_GB","og_type":"article","og_title":"Marbrerie fun\u00e9raire - Pompes fun\u00e8bres Delormel &amp; fils - St Just en Chauss\u00e9e","og_description":"Choix du mat\u00e9riau et de l'ornementation, confection et installation du monument fun\u00e9raire. Services d'entretien, de nettoyage et de fleurissement des s\u00e9pultures.","og_url":"https:\/\/delormel-pompes-funebres-marbrerie.com\/en\/marbrerie-funeraire\/","og_site_name":"Pompes fun\u00e8bres Delormel &amp; fils - St Just en Chauss\u00e9e","article_modified_time":"2026-01-27T16:39:50+00:00","og_image":[{"width":437,"height":291,"url":"https:\/\/delormel-pompes-funebres-marbrerie.com\/wp-content\/uploads\/2020\/03\/e6ecbd29337b4febbd3973c5fad1bc3e.jpg","type":"image\/jpeg"}],"twitter_card":"summary_large_image","twitter_misc":{"Estimated reading time":"2 minutes"},"schema":{"@context":"https:\/\/schema.org","@graph":[{"@type":"WebPage","@id":"https:\/\/delormel-pompes-funebres-marbrerie.com\/marbrerie-funeraire\/","url":"https:\/\/delormel-pompes-funebres-marbrerie.com\/marbrerie-funeraire\/","name":"Marbrerie fun\u00e9raire - Pompes fun\u00e8bres Delormel &amp; fils - St Just en Chauss\u00e9e","isPartOf":{"@id":"https:\/\/delormel-pompes-funebres-marbrerie.com\/#website"},"datePublished":"2015-05-05T09:47:42+00:00","dateModified":"2026-01-27T16:39:50+00:00","description":"Choix du mat\u00e9riau et de l'ornementation, confection et installation du monument fun\u00e9raire. Services d'entretien, de nettoyage et de fleurissement des s\u00e9pultures.","breadcrumb":{"@id":"https:\/\/delormel-pompes-funebres-marbrerie.com\/marbrerie-funeraire\/#breadcrumb"},"inLanguage":"en-GB","potentialAction":[{"@type":"ReadAction","target":["https:\/\/delormel-pompes-funebres-marbrerie.com\/marbrerie-funeraire\/"]}]},{"@type":"BreadcrumbList","@id":"https:\/\/delormel-pompes-funebres-marbrerie.com\/marbrerie-funeraire\/#breadcrumb","itemListElement":[{"@type":"ListItem","position":1,"name":"Accueil","item":"https:\/\/delormel-pompes-funebres-marbrerie.com\/"},{"@type":"ListItem","position":2,"name":"Marbrerie fun\u00e9raire"}]},{"@type":"WebSite","@id":"https:\/\/delormel-pompes-funebres-marbrerie.com\/#website","url":"https:\/\/delormel-pompes-funebres-marbrerie.com\/","name":"Pompes fun\u00e8bres Delormel et fils","description":"Pompes fun\u00e8bres et marbrerie fun\u00e9raire","potentialAction":[{"@type":"SearchAction","target":{"@type":"EntryPoint","urlTemplate":"https:\/\/delormel-pompes-funebres-marbrerie.com\/?s={search_term_string}"},"query-input":{"@type":"PropertyValueSpecification","valueRequired":true,"valueName":"search_term_string"}}],"inLanguage":"en-GB"}]}},"_links":{"self":[{"href":"https:\/\/delormel-pompes-funebres-marbrerie.com\/en\/wp-json\/wp\/v2\/pages\/366","targetHints":{"allow":["GET"]}}],"collection":[{"href":"https:\/\/delormel-pompes-funebres-marbrerie.com\/en\/wp-json\/wp\/v2\/pages"}],"about":[{"href":"https:\/\/delormel-pompes-funebres-marbrerie.com\/en\/wp-json\/wp\/v2\/types\/page"}],"author":[{"embeddable":true,"href":"https:\/\/delormel-pompes-funebres-marbrerie.com\/en\/wp-json\/wp\/v2\/users\/1"}],"replies":[{"embeddable":true,"href":"https:\/\/delormel-pompes-funebres-marbrerie.com\/en\/wp-json\/wp\/v2\/comments?post=366"}],"version-history":[{"count":15,"href":"https:\/\/delormel-pompes-funebres-marbrerie.com\/en\/wp-json\/wp\/v2\/pages\/366\/revisions"}],"predecessor-version":[{"id":4664,"href":"https:\/\/delormel-pompes-funebres-marbrerie.com\/en\/wp-json\/wp\/v2\/pages\/366\/revisions\/4664"}],"wp:attachment":[{"href":"https:\/\/delormel-pompes-funebres-marbrerie.com\/en\/wp-json\/wp\/v2\/media?parent=366"}],"curies":[{"name":"wp","href":"https:\/\/api.w.org\/{rel}","templated":true}]}}