{"id":304,"date":"2015-05-04T09:36:34","date_gmt":"2015-05-04T09:36:34","guid":{"rendered":"http:\/\/blessing.ancorathemes.com\/?page_id=304"},"modified":"2026-01-27T20:04:19","modified_gmt":"2026-01-27T19:04:19","slug":"contact","status":"publish","type":"page","link":"https:\/\/delormel-pompes-funebres-marbrerie.com\/en\/contact\/","title":{"rendered":"Contact"},"content":{"rendered":"<div class=\"wpb-content-wrapper\"><div class=\"vc_row wpb_row vc_row-fluid\"><div class=\"wpb_column vc_column_container vc_col-sm-12\"><div class=\"vc_column-inner\"><div class=\"wpb_wrapper\"><div class=\"sc_section\"><div class=\"sc_content content_wrap\" data-animation=\"animated fadeInUp normal\" style=\"margin-top:6em !important;margin-bottom:6em !important;\"><div class=\"columns_wrap sc_columns columns_fluid sc_columns_count_5\"><div class=\"column-1_5 sc_column_item sc_column_item_1 odd first\" style=\"text-align:center;\"><span class=\"sc_icon icon-location-1 link_color\" style=\"font-size:4em; line-height: 1em;\"><\/span><div class=\"sc_section\" style=\"margin-top:1em !important; \">\n\t<div class=\"wpb_text_column wpb_content_element\" >\n\t\t<div class=\"wpb_wrapper\">\n\t\t\t<p>47 Av. Charles Dottin<br \/>\n60190\u00a0Estr\u00e9es Saint Denis<\/p>\n\n\t\t<\/div>\n\t<\/div>\n<\/div><\/div><div class=\"column-1_5 sc_column_item sc_column_item_2 even\" style=\"text-align:center;\"><span class=\"sc_icon icon-tablet-1 link_color\" style=\"font-size:4em; line-height: 1em;\"><\/span><div class=\"sc_section\" style=\"margin-top:1em !important; \">\n\t<div class=\"wpb_text_column wpb_content_element\" >\n\t\t<div class=\"wpb_wrapper\">\n\t\t\t<p>Tel : <a title=\" T\u00e9l :\u00a003 44 41 30 74\u00a0\" href=\"tel:info@yoursite.com\">03 44 41 30 74\u00a0<\/a><\/p>\n\n\t\t<\/div>\n\t<\/div>\n<\/div><\/div><div class=\"column-1_5 sc_column_item sc_column_item_3 odd\" style=\"text-align:center;\"><span class=\"sc_icon icon-mail_open link_color\" style=\"font-size:4em; line-height: 1em;\"><\/span><div class=\"sc_section\" style=\"margin-top:1em !important; \">\n\t<div class=\"wpb_text_column wpb_content_element\" >\n\t\t<div class=\"wpb_wrapper\">\n\t\t\t<p><a href=\"mailto:contact@delormel-pompes-funebres-marbrerie.com\" target=\"_blank\" rel=\"noopener noreferrer\">contact@delormel-pompes-funebres-marbrerie.com<\/a><\/p>\n\n\t\t<\/div>\n\t<\/div>\n<\/div><\/div><div class=\"column-1_5 sc_column_item sc_column_item_4 even\" style=\"text-align:center;\"><span class=\"sc_icon icon-location-1 link_color\" style=\"font-size:4em; line-height: 1em;\"><\/span><div class=\"sc_section\" style=\"margin-top:1em !important; \">\n\t<div class=\"wpb_text_column wpb_content_element\" >\n\t\t<div class=\"wpb_wrapper\">\n\t\t\t<p>96 rue de Paris<br \/>\n60130 Saint Just en Chauss\u00e9e<\/p>\n\n\t\t<\/div>\n\t<\/div>\n<\/div><\/div><div class=\"column-1_5 sc_column_item sc_column_item_5 odd\" style=\"text-align:center;\"><span class=\"sc_icon icon-tablet-1 link_color\" style=\"font-size:4em; line-height: 1em;\"><\/span><div class=\"sc_section\" style=\"margin-top:1em !important; \">\n\t<div class=\"wpb_text_column wpb_content_element\" >\n\t\t<div class=\"wpb_wrapper\">\n\t\t\t<p>Tel : <a title=\" T\u00e9l :\u00a003 44 78 76 51\" href=\"tel:info@yoursite.com\">03 44 78 76 51<\/a><\/p>\n\n\t\t<\/div>\n\t<\/div>\n<\/div><\/div><\/div><\/div><\/div><\/div><\/div><\/div><\/div><div class=\"vc_row wpb_row vc_row-fluid\"><div class=\"wpb_column vc_column_container vc_col-sm-12\"><div class=\"vc_column-inner\"><div class=\"wpb_wrapper\"><div class=\"sc_section\" data-animation=\"animated fadeInUp normal\" style=\"background-image:url(https:\/\/delormel-pompes-funebres-marbrerie.com\/wp-content\/uploads\/2026\/01\/marbrerie-funeraire-deuil-urne-cendres-defunt-ceremonie-priere.jpeg); \"><div class=\"sc_section_overlay\" style=\"\"><div class=\"sc_section_content\"><div class=\"sc_content content_wrap\" style=\"margin-top:0px !important;margin-bottom:3.5em !important;\"><h2 class=\"sc_title sc_title_regular sc_align_center fig_border\" style=\"text-align:center;\">Contactez nous maintenant<\/h2>\n<div class=\"wpcf7 no-js\" id=\"wpcf7-f1357-o1\" lang=\"en-US\" dir=\"ltr\" data-wpcf7-id=\"1357\">\n<div class=\"screen-reader-response\"><p role=\"status\" aria-live=\"polite\" aria-atomic=\"true\"><\/p> <ul><\/ul><\/div>\n<form action=\"\/en\/wp-json\/wp\/v2\/pages\/304#wpcf7-f1357-o1\" method=\"post\" class=\"wpcf7-form init\" aria-label=\"Contact form\" novalidate=\"novalidate\" data-status=\"init\" data-trp-original-action=\"\/en\/wp-json\/wp\/v2\/pages\/304#wpcf7-f1357-o1\">\n<fieldset class=\"hidden-fields-container\"><input type=\"hidden\" name=\"_wpcf7\" value=\"1357\" \/><input type=\"hidden\" name=\"_wpcf7_version\" value=\"6.1.5\" \/><input type=\"hidden\" name=\"_wpcf7_locale\" value=\"en_US\" \/><input type=\"hidden\" name=\"_wpcf7_unit_tag\" value=\"wpcf7-f1357-o1\" \/><input type=\"hidden\" name=\"_wpcf7_container_post\" value=\"0\" \/><input type=\"hidden\" name=\"_wpcf7_posted_data_hash\" value=\"\" \/><input type=\"hidden\" name=\"_wpcf7_recaptcha_response\" value=\"\" \/>\n<\/fieldset>\n<div class=\"form_info\">\n<span class=\"wpcf7-form-control-wrap\" data-name=\"text-750\"><input size=\"40\" maxlength=\"400\" class=\"wpcf7-form-control wpcf7-text wpcf7-validates-as-required\" aria-required=\"true\" aria-invalid=\"false\" placeholder=\"Nom*\" value=\"\" type=\"text\" name=\"text-750\" \/><\/span><span class=\"wpcf7-form-control-wrap\" data-name=\"email-338\"><input size=\"40\" maxlength=\"400\" class=\"wpcf7-form-control wpcf7-email wpcf7-validates-as-required wpcf7-text wpcf7-validates-as-email\" aria-required=\"true\" aria-invalid=\"false\" placeholder=\"E-mail*\" value=\"\" type=\"email\" name=\"email-338\" \/><\/span><span class=\"wpcf7-form-control-wrap\" data-name=\"tel-834\"><input size=\"40\" maxlength=\"400\" class=\"wpcf7-form-control wpcf7-tel wpcf7-validates-as-required wpcf7-text wpcf7-validates-as-tel\" aria-required=\"true\" aria-invalid=\"false\" placeholder=\"T\u00e9l\u00e9phone*\" value=\"\" type=\"tel\" name=\"tel-834\" \/><\/span>\n<\/div>\n<span class=\"wpcf7-form-control-wrap\" data-name=\"textarea-365\"><textarea cols=\"40\" rows=\"6\" maxlength=\"2000\" class=\"wpcf7-form-control wpcf7-textarea wpcf7-validates-as-required\" aria-required=\"true\" aria-invalid=\"false\" placeholder=\"Message*\" name=\"textarea-365\"><\/textarea><\/span>\n<span class=\"wpcf7-form-control-wrap recaptcha\" data-name=\"recaptcha\"><span data-sitekey=\"6Lfbc-MUAAAAAA1LTm3RBYepaYnzo3u5HgYFKM8F\" data-size=\"compact\" data-align=\"center\" class=\"wpcf7-form-control wpcf7-recaptcha g-recaptcha\"><\/span>\r\n<noscript>\r\n\t<div class=\"grecaptcha-noscript\">\r\n\t\t<iframe loading=\"lazy\" src=\"https:\/\/www.google.com\/recaptcha\/api\/fallback?k=6Lfbc-MUAAAAAA1LTm3RBYepaYnzo3u5HgYFKM8F\" frameborder=\"0\" scrolling=\"no\" width=\"310\" height=\"430\">\r\n\t\t<\/iframe>\r\n\t\t<textarea name=\"g-recaptcha-response\" rows=\"3\" cols=\"40\" placeholder=\"reCaptcha Response Here\">\r\n\t\t<\/textarea>\r\n\t<\/div>\r\n<\/noscript>\r\n<\/span>\n\n<input class=\"wpcf7-form-control wpcf7-submit has-spinner\" type=\"submit\" value=\"Envoyez\" \/><div class=\"wpcf7-response-output\" aria-hidden=\"true\"><\/div>\n<input type=\"hidden\" name=\"trp-form-language\" value=\"en\"\/><\/form>\n<\/div>\n<\/div><\/div><\/div><\/div><\/div><\/div><\/div><\/div><div class=\"vc_row wpb_row vc_row-fluid\"><div class=\"wpb_column vc_column_container vc_col-sm-12\"><div class=\"vc_column-inner\"><div class=\"wpb_wrapper\"><div class=\"vc_empty_space\"   style=\"height: 32px\"><span class=\"vc_empty_space_inner\"><\/span><\/div><\/div><\/div><\/div><\/div>\n<\/div>","protected":false},"excerpt":{"rendered":"47 Av. Charles Dottin 60190\u00a0Estr\u00e9es Saint Denis Tel : 03 44 41 30 74\u00a0 contact@delormel-pompes-funebres-marbrerie.com 96 rue de Paris 60130 Saint Just en Chauss\u00e9e Tel : 03 44 78 76 51 Contactez nous maintenant","protected":false},"author":1,"featured_media":0,"parent":0,"menu_order":0,"comment_status":"open","ping_status":"open","template":"","meta":{"footnotes":""},"class_list":["post-304","page","type-page","status-publish","hentry"],"yoast_head":"<!-- This site is optimized with the Yoast SEO plugin v27.4 - https:\/\/yoast.com\/product\/yoast-seo-wordpress\/ -->\n<title>Contact - Pompes fun\u00e8bres Delormel &amp; fils - St Just en Chauss\u00e9e<\/title>\n<meta name=\"description\" content=\"Nous sommes situ\u00e9s au 96 rue de Paris, 60130 Saint Just en Chauss\u00e9e. T\u00e9l : 03 44 78 76 51. Contactez nous \u00e9galement via le formulaire de contact.\" \/>\n<meta name=\"robots\" content=\"index, follow, max-snippet:-1, max-image-preview:large, max-video-preview:-1\" \/>\n<link rel=\"canonical\" href=\"https:\/\/delormel-pompes-funebres-marbrerie.com\/en\/contact\/\" \/>\n<meta property=\"og:locale\" content=\"en_GB\" \/>\n<meta property=\"og:type\" content=\"article\" \/>\n<meta property=\"og:title\" content=\"Contact - Pompes fun\u00e8bres Delormel &amp; fils - St Just en Chauss\u00e9e\" \/>\n<meta property=\"og:description\" content=\"Nous sommes situ\u00e9s au 96 rue de Paris, 60130 Saint Just en Chauss\u00e9e. T\u00e9l : 03 44 78 76 51. Contactez nous \u00e9galement via le formulaire de contact.\" \/>\n<meta property=\"og:url\" content=\"https:\/\/delormel-pompes-funebres-marbrerie.com\/en\/contact\/\" \/>\n<meta property=\"og:site_name\" content=\"Pompes fun\u00e8bres Delormel &amp; fils - St Just en Chauss\u00e9e\" \/>\n<meta property=\"article:modified_time\" content=\"2026-01-27T19:04:19+00:00\" \/>\n<meta property=\"og:image\" content=\"https:\/\/delormel-pompes-funebres-marbrerie.com\/wp-content\/uploads\/2020\/03\/e6ecbd29337b4febbd3973c5fad1bc3e.jpg\" \/>\n\t<meta property=\"og:image:width\" content=\"437\" \/>\n\t<meta property=\"og:image:height\" content=\"291\" \/>\n\t<meta property=\"og:image:type\" content=\"image\/jpeg\" \/>\n<meta name=\"twitter:card\" content=\"summary_large_image\" \/>\n<meta name=\"twitter:label1\" content=\"Estimated reading time\" \/>\n\t<meta name=\"twitter:data1\" content=\"1 minute\" \/>\n<script type=\"application\/ld+json\" class=\"yoast-schema-graph\">{\"@context\":\"https:\\\/\\\/schema.org\",\"@graph\":[{\"@type\":\"WebPage\",\"@id\":\"https:\\\/\\\/delormel-pompes-funebres-marbrerie.com\\\/contact\\\/\",\"url\":\"https:\\\/\\\/delormel-pompes-funebres-marbrerie.com\\\/contact\\\/\",\"name\":\"Contact - Pompes fun\u00e8bres Delormel &amp; fils - St Just en Chauss\u00e9e\",\"isPartOf\":{\"@id\":\"https:\\\/\\\/delormel-pompes-funebres-marbrerie.com\\\/#website\"},\"datePublished\":\"2015-05-04T09:36:34+00:00\",\"dateModified\":\"2026-01-27T19:04:19+00:00\",\"description\":\"Nous sommes situ\u00e9s au 96 rue de Paris, 60130 Saint Just en Chauss\u00e9e. T\u00e9l : 03 44 78 76 51. Contactez nous \u00e9galement via le formulaire de contact.\",\"breadcrumb\":{\"@id\":\"https:\\\/\\\/delormel-pompes-funebres-marbrerie.com\\\/contact\\\/#breadcrumb\"},\"inLanguage\":\"en-GB\",\"potentialAction\":[{\"@type\":\"ReadAction\",\"target\":[\"https:\\\/\\\/delormel-pompes-funebres-marbrerie.com\\\/contact\\\/\"]}]},{\"@type\":\"BreadcrumbList\",\"@id\":\"https:\\\/\\\/delormel-pompes-funebres-marbrerie.com\\\/contact\\\/#breadcrumb\",\"itemListElement\":[{\"@type\":\"ListItem\",\"position\":1,\"name\":\"Accueil\",\"item\":\"https:\\\/\\\/delormel-pompes-funebres-marbrerie.com\\\/\"},{\"@type\":\"ListItem\",\"position\":2,\"name\":\"Contact\"}]},{\"@type\":\"WebSite\",\"@id\":\"https:\\\/\\\/delormel-pompes-funebres-marbrerie.com\\\/#website\",\"url\":\"https:\\\/\\\/delormel-pompes-funebres-marbrerie.com\\\/\",\"name\":\"Pompes fun\u00e8bres Delormel et fils\",\"description\":\"Pompes fun\u00e8bres et marbrerie fun\u00e9raire\",\"potentialAction\":[{\"@type\":\"SearchAction\",\"target\":{\"@type\":\"EntryPoint\",\"urlTemplate\":\"https:\\\/\\\/delormel-pompes-funebres-marbrerie.com\\\/?s={search_term_string}\"},\"query-input\":{\"@type\":\"PropertyValueSpecification\",\"valueRequired\":true,\"valueName\":\"search_term_string\"}}],\"inLanguage\":\"en-GB\"}]}<\/script>\n<!-- \/ Yoast SEO plugin. -->","yoast_head_json":{"title":"Contact - Pompes fun\u00e8bres Delormel &amp; fils - St Just en Chauss\u00e9e","description":"Nous sommes situ\u00e9s au 96 rue de Paris, 60130 Saint Just en Chauss\u00e9e. T\u00e9l : 03 44 78 76 51. Contactez nous \u00e9galement via le formulaire de contact.","robots":{"index":"index","follow":"follow","max-snippet":"max-snippet:-1","max-image-preview":"max-image-preview:large","max-video-preview":"max-video-preview:-1"},"canonical":"https:\/\/delormel-pompes-funebres-marbrerie.com\/en\/contact\/","og_locale":"en_GB","og_type":"article","og_title":"Contact - Pompes fun\u00e8bres Delormel &amp; fils - St Just en Chauss\u00e9e","og_description":"Nous sommes situ\u00e9s au 96 rue de Paris, 60130 Saint Just en Chauss\u00e9e. T\u00e9l : 03 44 78 76 51. Contactez nous \u00e9galement via le formulaire de contact.","og_url":"https:\/\/delormel-pompes-funebres-marbrerie.com\/en\/contact\/","og_site_name":"Pompes fun\u00e8bres Delormel &amp; fils - St Just en Chauss\u00e9e","article_modified_time":"2026-01-27T19:04:19+00:00","og_image":[{"width":437,"height":291,"url":"https:\/\/delormel-pompes-funebres-marbrerie.com\/wp-content\/uploads\/2020\/03\/e6ecbd29337b4febbd3973c5fad1bc3e.jpg","type":"image\/jpeg"}],"twitter_card":"summary_large_image","twitter_misc":{"Estimated reading time":"1 minute"},"schema":{"@context":"https:\/\/schema.org","@graph":[{"@type":"WebPage","@id":"https:\/\/delormel-pompes-funebres-marbrerie.com\/contact\/","url":"https:\/\/delormel-pompes-funebres-marbrerie.com\/contact\/","name":"Contact - Pompes fun\u00e8bres Delormel &amp; fils - St Just en Chauss\u00e9e","isPartOf":{"@id":"https:\/\/delormel-pompes-funebres-marbrerie.com\/#website"},"datePublished":"2015-05-04T09:36:34+00:00","dateModified":"2026-01-27T19:04:19+00:00","description":"Nous sommes situ\u00e9s au 96 rue de Paris, 60130 Saint Just en Chauss\u00e9e. T\u00e9l : 03 44 78 76 51. Contactez nous \u00e9galement via le formulaire de contact.","breadcrumb":{"@id":"https:\/\/delormel-pompes-funebres-marbrerie.com\/contact\/#breadcrumb"},"inLanguage":"en-GB","potentialAction":[{"@type":"ReadAction","target":["https:\/\/delormel-pompes-funebres-marbrerie.com\/contact\/"]}]},{"@type":"BreadcrumbList","@id":"https:\/\/delormel-pompes-funebres-marbrerie.com\/contact\/#breadcrumb","itemListElement":[{"@type":"ListItem","position":1,"name":"Accueil","item":"https:\/\/delormel-pompes-funebres-marbrerie.com\/"},{"@type":"ListItem","position":2,"name":"Contact"}]},{"@type":"WebSite","@id":"https:\/\/delormel-pompes-funebres-marbrerie.com\/#website","url":"https:\/\/delormel-pompes-funebres-marbrerie.com\/","name":"Pompes fun\u00e8bres Delormel et fils","description":"Pompes fun\u00e8bres et marbrerie fun\u00e9raire","potentialAction":[{"@type":"SearchAction","target":{"@type":"EntryPoint","urlTemplate":"https:\/\/delormel-pompes-funebres-marbrerie.com\/?s={search_term_string}"},"query-input":{"@type":"PropertyValueSpecification","valueRequired":true,"valueName":"search_term_string"}}],"inLanguage":"en-GB"}]}},"_links":{"self":[{"href":"https:\/\/delormel-pompes-funebres-marbrerie.com\/en\/wp-json\/wp\/v2\/pages\/304","targetHints":{"allow":["GET"]}}],"collection":[{"href":"https:\/\/delormel-pompes-funebres-marbrerie.com\/en\/wp-json\/wp\/v2\/pages"}],"about":[{"href":"https:\/\/delormel-pompes-funebres-marbrerie.com\/en\/wp-json\/wp\/v2\/types\/page"}],"author":[{"embeddable":true,"href":"https:\/\/delormel-pompes-funebres-marbrerie.com\/en\/wp-json\/wp\/v2\/users\/1"}],"replies":[{"embeddable":true,"href":"https:\/\/delormel-pompes-funebres-marbrerie.com\/en\/wp-json\/wp\/v2\/comments?post=304"}],"version-history":[{"count":9,"href":"https:\/\/delormel-pompes-funebres-marbrerie.com\/en\/wp-json\/wp\/v2\/pages\/304\/revisions"}],"predecessor-version":[{"id":4688,"href":"https:\/\/delormel-pompes-funebres-marbrerie.com\/en\/wp-json\/wp\/v2\/pages\/304\/revisions\/4688"}],"wp:attachment":[{"href":"https:\/\/delormel-pompes-funebres-marbrerie.com\/en\/wp-json\/wp\/v2\/media?parent=304"}],"curies":[{"name":"wp","href":"https:\/\/api.w.org\/{rel}","templated":true}]}}