{"id":1332,"date":"2018-12-15T11:23:18","date_gmt":"2018-12-15T11:23:18","guid":{"rendered":"http:\/\/blessing.ancorathemes.com\/?page_id=1332"},"modified":"2026-01-27T22:50:10","modified_gmt":"2026-01-27T21:50:10","slug":"politique-de-confidentialite","status":"publish","type":"page","link":"https:\/\/delormel-pompes-funebres-marbrerie.com\/en\/politique-de-confidentialite\/","title":{"rendered":"Politique de confidentialit\u00e9"},"content":{"rendered":"<div class=\"wpb-content-wrapper\"><div class=\"vc_row wpb_row vc_row-fluid vc_custom_1527690597112 vc_row-has-fill\"><div class=\"wpb_column vc_column_container vc_col-sm-12\"><div class=\"vc_column-inner\"><div class=\"wpb_wrapper\">\n\t<div class=\"wpb_text_column wpb_content_element\" >\n\t\t<div class=\"wpb_wrapper\">\n\t\t\t<h2><strong>Protection de la vie priv\u00e9e<\/strong><\/h2>\n<p>Nous nous r\u00e9servons le droit de modifier \u00e0 tout moment la pr\u00e9sente page. Nous vous invitons par cons\u00e9quent \u00e0 la consulter r\u00e9guli\u00e8rement afin de vous informer de ses \u00e9volutions.<\/p>\n<p>Derni\u00e8re date de Mise \u00e0 jour : 16\/01\/2026<\/p>\n<p><strong>1. Identit\u00e9 du responsable du traitement<\/strong><\/p>\n<p>Les donn\u00e9es personnelles sont collect\u00e9es par l&rsquo;Annonceur du site tel qu&rsquo;identifi\u00e9 dans les mentions l\u00e9gales.<\/p>\n<p><strong>2. Les traitements relatifs \u00e0 vos donn\u00e9es personnelles<\/strong><\/p>\n<p>Notre site ne proc\u00e8de \u00e0 aucun enregistrement nominatif pour la simple consultation de ses pages.<\/p>\n<p>Cependant, dans certains cas (formulaire de contact et ajout de commentaires), vous pouvez \u00eatre invit\u00e9 \u00e0 laisser des donn\u00e9es personnelles (noms, pr\u00e9noms, num\u00e9ros de t\u00e9l\u00e9phones, adresses postales, adresse \u00e9lectronique\u2026). Le caract\u00e8re obligatoire ou facultatif des donn\u00e9es vous est signal\u00e9 lors de la collecte par un ast\u00e9risque.<\/p>\n<p>Nous ne collectons aucune donn\u00e9e sensible, \u00e0 savoir aucune donn\u00e9e relative \u00e0 vos origines raciales ou ethniques, \u00e0 vos opinions politiques, philosophiques ou religieuses ou votre appartenance syndicale, ou qui sont relatives \u00e0 votre sant\u00e9 ou votre vie sexuelle.<\/p>\n<p>Par ailleurs, lors de la consultation de notre site web et de l&rsquo;utilisation de nos services, nous sommes amen\u00e9s \u00e0 collecter et traiter des donn\u00e9es relatives \u00e0 votre navigation (notamment les cookies, et les pages que vous avez consult\u00e9es), et \u00e0 votre terminal (type de navigateur utilis\u00e9, mod\u00e8le et version de votre syst\u00e8me d&rsquo;exploitation, r\u00e9solution de votre \u00e9cran, pr\u00e9sence de certains plug-ins, \u2026). Ces donn\u00e9es seront utilis\u00e9es d&rsquo;une part pour adapter nos contenus et services \u00e0 vos besoins, et d&rsquo;autre part pour r\u00e9aliser des statistiques d&rsquo;utilisation de nos services afin de les rendre plus pertinents.<\/p>\n<p><strong>Quand ?<\/strong><\/p>\n<p>Nous collectons vos donn\u00e9es notamment quand\u00a0:<\/p>\n<ul>\n<li>Vous cr\u00e9ez et utilisez un compte personnel,<\/li>\n<li>Vous ajoutez un commentaire,<\/li>\n<li>Vous utilisez notre formulaire de contact,<\/li>\n<li>Vous naviguez sur notre site et consultez nos produits et services.<\/li>\n<\/ul>\n<p><strong>Quelles finalit\u00e9s ?<\/strong><\/p>\n<p>Nous utilisons vos donn\u00e9es personnelles pour\u00a0:<\/p>\n<ul>\n<li>Vous permettre d&rsquo;utiliser nos services ;<\/li>\n<li>Vous contacter\u00a0en r\u00e9ponse \u00e0 une demande de votre part ;<\/li>\n<li>Avec votre consentement, vous inscrire \u00e0 une newsletter et\/ou vous envoyer des informations relatives \u00e0 nos produits et services\u00a0;<\/li>\n<li>Nous permettre d&rsquo;\u00e9tablir des statistiques et comptages de fr\u00e9quentation et d&rsquo;utilisation des diverses rubriques et contenus de notre site et de nos services notamment afin d&rsquo;adapter lesdites rubriques et lesdits contenus en fonction de votre navigation.<\/li>\n<\/ul>\n<p><strong>Cookies<\/strong><\/p>\n<p>Pour vous informer sur l&rsquo;utilisation faite des cookies sur notre site, sur vos droits et vos moyens de vous y opposer, vous pouvez consulter la page sp\u00e9cialement consacr\u00e9e \u00e0 cette th\u00e9matique en\u00a0<a href=\"https:\/\/delormel-pompes-funebres-marbrerie.com\/en\/mentions-legales\/\">cliquant ici<\/a>.<\/p>\n<p><strong>Destinataires<\/strong><\/p>\n<p>Sont destinataires des donn\u00e9es\u00a0:<\/p>\n<ul>\n<li>L&rsquo;entreprise Delormel &amp; fils,<\/li>\n<li>Pour la r\u00e9alisation de statistiques de fr\u00e9quentation, le webmaster<\/li>\n<li>Aucune information vous concernant ne seront transmises \u00e0 des tiers.<\/li>\n<\/ul>\n<p><strong>Dur\u00e9e de conservation<\/strong><\/p>\n<p>Si vous avez \u00e9t\u00e9 amen\u00e9 \u00e0 cr\u00e9er un compte utilisateur, vos donn\u00e9es sont conserv\u00e9es pendant une p\u00e9riode de 3 ans apr\u00e8s la derni\u00e8re trace d\u2019activit\u00e9 sur votre compte.<\/p>\n<p>Vos donn\u00e9es de contact sont conserv\u00e9es pendant la p\u00e9riode de prise de contact.<\/p>\n<p>Si vous avez consenti \u00e0 l&rsquo;envoi de newsletters, vos donn\u00e9es seront conserv\u00e9es pendant 3 ans \u00e0 compter de la derni\u00e8re prise de contact.<\/p>\n<p><strong>3. Vos droits<\/strong><\/p>\n<p>Conform\u00e9ment \u00e0 la loi Informatique et Libert\u00e9s du 6 janvier 1978 modifi\u00e9e, vous disposez de droits d&rsquo;acc\u00e8s, de rectification, d&rsquo;effacement, d&rsquo;opposition au ou de limitation du traitement de vos donn\u00e9es, de retrait de votre consentement.<\/p>\n<p>Vous pouvez \u00e9galement donner des directives \u00e0 notre groupe concernant l&rsquo;utilisation de vos donn\u00e9es apr\u00e8s votre d\u00e9c\u00e8s.<\/p>\n<p><strong>Vous pouvez exercer ces droits\u00a0:<\/strong><\/p>\n<ol>\n<li>Aupr\u00e8s de l&rsquo;Annonceur en utilisant les coordonn\u00e9es mentionn\u00e9es dans les mentions l\u00e9gales.<\/li>\n<li>En ce qui concerne les donn\u00e9es de mesure d&rsquo;audience : les droits peuvent \u00eatre exerc\u00e9s aupr\u00e8s du webmaster :<em> contact@delormel-pompes-funebres-marbrerie.com<\/em><\/li>\n<\/ol>\n<p>Un justificatif d\u2019identit\u00e9 pourra vous \u00eatre demand\u00e9.<\/p>\n<p>Vous avez \u00e9galement le droit d\u2019introduire une r\u00e9clamation \u00e0 notre encontre aupr\u00e8s de l\u2019autorit\u00e9 de contr\u00f4le.<\/p>\n<p><strong>4. Cookies<\/strong><\/p>\n<p>Ce site utilise des cookies &#8211; de petits fichiers texte qui sont plac\u00e9s sur votre machine pour aider le site \u00e0 offrir une meilleure exp\u00e9rience utilisateur. En g\u00e9n\u00e9ral, les cookies sont utilis\u00e9s pour conserver les pr\u00e9f\u00e9rences des utilisateurs, stocker des informations sur des choses comme les paniers d&rsquo;achat et fournir des donn\u00e9es de suivi anonymis\u00e9es \u00e0 des applications tierces comme Google Analytics. Les cookies existent g\u00e9n\u00e9ralement pour am\u00e9liorer votre exp\u00e9rience de navigation. Cependant, vous pouvez pr\u00e9f\u00e9rer d\u00e9sactiver les cookies sur ce site et sur d&rsquo;autres. La fa\u00e7on la plus efficace de le faire est de d\u00e9sactiver les cookies dans votre navigateur. Nous vous sugg\u00e9rons de consulter la section d&rsquo;aide de votre navigateur.<\/p>\n\n\t\t<\/div>\n\t<\/div>\n<div class=\"vc_empty_space\"   style=\"height: 4em\"><span class=\"vc_empty_space_inner\"><\/span><\/div><\/div><\/div><\/div><\/div>\n<\/div>","protected":false},"excerpt":{"rendered":"Protection de la vie priv\u00e9e Nous nous r\u00e9servons le droit de modifier \u00e0 tout moment la pr\u00e9sente page. Nous vous invitons par cons\u00e9quent \u00e0 la consulter r\u00e9guli\u00e8rement afin de vous informer de ses \u00e9volutions. Derni\u00e8re date de Mise \u00e0 jour : 16\/01\/2026 1. Identit\u00e9 du responsable du traitement Les donn\u00e9es personnelles sont collect\u00e9es par l'Annonceur [...]","protected":false},"author":1,"featured_media":0,"parent":0,"menu_order":0,"comment_status":"closed","ping_status":"closed","template":"","meta":{"footnotes":""},"class_list":["post-1332","page","type-page","status-publish","hentry"],"yoast_head":"<!-- This site is optimized with the Yoast SEO plugin v27.5 - https:\/\/yoast.com\/product\/yoast-seo-wordpress\/ -->\n<title>Politique de confidentialit\u00e9 - Pompes fun\u00e8bres Delormel &amp; fils - St Just en Chauss\u00e9e<\/title>\n<meta name=\"robots\" content=\"index, follow, max-snippet:-1, max-image-preview:large, max-video-preview:-1\" \/>\n<link rel=\"canonical\" href=\"https:\/\/delormel-pompes-funebres-marbrerie.com\/en\/politique-de-confidentialite\/\" \/>\n<meta property=\"og:locale\" content=\"en_GB\" \/>\n<meta property=\"og:type\" content=\"article\" \/>\n<meta property=\"og:title\" content=\"Politique de confidentialit\u00e9 - Pompes fun\u00e8bres Delormel &amp; fils - St Just en Chauss\u00e9e\" \/>\n<meta property=\"og:url\" content=\"https:\/\/delormel-pompes-funebres-marbrerie.com\/en\/politique-de-confidentialite\/\" \/>\n<meta property=\"og:site_name\" content=\"Pompes fun\u00e8bres Delormel &amp; fils - St Just en Chauss\u00e9e\" \/>\n<meta property=\"article:modified_time\" content=\"2026-01-27T21:50:10+00:00\" \/>\n<meta property=\"og:image\" content=\"https:\/\/delormel-pompes-funebres-marbrerie.com\/wp-content\/uploads\/2020\/03\/e6ecbd29337b4febbd3973c5fad1bc3e.jpg\" \/>\n\t<meta property=\"og:image:width\" content=\"437\" \/>\n\t<meta property=\"og:image:height\" content=\"291\" \/>\n\t<meta property=\"og:image:type\" content=\"image\/jpeg\" \/>\n<meta name=\"twitter:card\" content=\"summary_large_image\" \/>\n<meta name=\"twitter:label1\" content=\"Estimated reading time\" \/>\n\t<meta name=\"twitter:data1\" content=\"4 minutes\" \/>\n<script type=\"application\/ld+json\" class=\"yoast-schema-graph\">{\"@context\":\"https:\\\/\\\/schema.org\",\"@graph\":[{\"@type\":\"WebPage\",\"@id\":\"https:\\\/\\\/delormel-pompes-funebres-marbrerie.com\\\/politique-de-confidentialite\\\/\",\"url\":\"https:\\\/\\\/delormel-pompes-funebres-marbrerie.com\\\/politique-de-confidentialite\\\/\",\"name\":\"Politique de confidentialit\u00e9 - Pompes fun\u00e8bres Delormel &amp; fils - St Just en Chauss\u00e9e\",\"isPartOf\":{\"@id\":\"https:\\\/\\\/delormel-pompes-funebres-marbrerie.com\\\/#website\"},\"datePublished\":\"2018-12-15T11:23:18+00:00\",\"dateModified\":\"2026-01-27T21:50:10+00:00\",\"breadcrumb\":{\"@id\":\"https:\\\/\\\/delormel-pompes-funebres-marbrerie.com\\\/politique-de-confidentialite\\\/#breadcrumb\"},\"inLanguage\":\"en-GB\",\"potentialAction\":[{\"@type\":\"ReadAction\",\"target\":[\"https:\\\/\\\/delormel-pompes-funebres-marbrerie.com\\\/politique-de-confidentialite\\\/\"]}]},{\"@type\":\"BreadcrumbList\",\"@id\":\"https:\\\/\\\/delormel-pompes-funebres-marbrerie.com\\\/politique-de-confidentialite\\\/#breadcrumb\",\"itemListElement\":[{\"@type\":\"ListItem\",\"position\":1,\"name\":\"Accueil\",\"item\":\"https:\\\/\\\/delormel-pompes-funebres-marbrerie.com\\\/\"},{\"@type\":\"ListItem\",\"position\":2,\"name\":\"Politique de confidentialit\u00e9\"}]},{\"@type\":\"WebSite\",\"@id\":\"https:\\\/\\\/delormel-pompes-funebres-marbrerie.com\\\/#website\",\"url\":\"https:\\\/\\\/delormel-pompes-funebres-marbrerie.com\\\/\",\"name\":\"Pompes fun\u00e8bres Delormel et fils\",\"description\":\"Pompes fun\u00e8bres et marbrerie fun\u00e9raire\",\"potentialAction\":[{\"@type\":\"SearchAction\",\"target\":{\"@type\":\"EntryPoint\",\"urlTemplate\":\"https:\\\/\\\/delormel-pompes-funebres-marbrerie.com\\\/?s={search_term_string}\"},\"query-input\":{\"@type\":\"PropertyValueSpecification\",\"valueRequired\":true,\"valueName\":\"search_term_string\"}}],\"inLanguage\":\"en-GB\"}]}<\/script>\n<!-- \/ Yoast SEO plugin. -->","yoast_head_json":{"title":"Politique de confidentialit\u00e9 - Pompes fun\u00e8bres Delormel &amp; fils - St Just en Chauss\u00e9e","robots":{"index":"index","follow":"follow","max-snippet":"max-snippet:-1","max-image-preview":"max-image-preview:large","max-video-preview":"max-video-preview:-1"},"canonical":"https:\/\/delormel-pompes-funebres-marbrerie.com\/en\/politique-de-confidentialite\/","og_locale":"en_GB","og_type":"article","og_title":"Politique de confidentialit\u00e9 - Pompes fun\u00e8bres Delormel &amp; fils - St Just en Chauss\u00e9e","og_url":"https:\/\/delormel-pompes-funebres-marbrerie.com\/en\/politique-de-confidentialite\/","og_site_name":"Pompes fun\u00e8bres Delormel &amp; fils - St Just en Chauss\u00e9e","article_modified_time":"2026-01-27T21:50:10+00:00","og_image":[{"width":437,"height":291,"url":"https:\/\/delormel-pompes-funebres-marbrerie.com\/wp-content\/uploads\/2020\/03\/e6ecbd29337b4febbd3973c5fad1bc3e.jpg","type":"image\/jpeg"}],"twitter_card":"summary_large_image","twitter_misc":{"Estimated reading time":"4 minutes"},"schema":{"@context":"https:\/\/schema.org","@graph":[{"@type":"WebPage","@id":"https:\/\/delormel-pompes-funebres-marbrerie.com\/politique-de-confidentialite\/","url":"https:\/\/delormel-pompes-funebres-marbrerie.com\/politique-de-confidentialite\/","name":"Politique de confidentialit\u00e9 - Pompes fun\u00e8bres Delormel &amp; fils - St Just en Chauss\u00e9e","isPartOf":{"@id":"https:\/\/delormel-pompes-funebres-marbrerie.com\/#website"},"datePublished":"2018-12-15T11:23:18+00:00","dateModified":"2026-01-27T21:50:10+00:00","breadcrumb":{"@id":"https:\/\/delormel-pompes-funebres-marbrerie.com\/politique-de-confidentialite\/#breadcrumb"},"inLanguage":"en-GB","potentialAction":[{"@type":"ReadAction","target":["https:\/\/delormel-pompes-funebres-marbrerie.com\/politique-de-confidentialite\/"]}]},{"@type":"BreadcrumbList","@id":"https:\/\/delormel-pompes-funebres-marbrerie.com\/politique-de-confidentialite\/#breadcrumb","itemListElement":[{"@type":"ListItem","position":1,"name":"Accueil","item":"https:\/\/delormel-pompes-funebres-marbrerie.com\/"},{"@type":"ListItem","position":2,"name":"Politique de confidentialit\u00e9"}]},{"@type":"WebSite","@id":"https:\/\/delormel-pompes-funebres-marbrerie.com\/#website","url":"https:\/\/delormel-pompes-funebres-marbrerie.com\/","name":"Pompes fun\u00e8bres Delormel et fils","description":"Pompes fun\u00e8bres et marbrerie fun\u00e9raire","potentialAction":[{"@type":"SearchAction","target":{"@type":"EntryPoint","urlTemplate":"https:\/\/delormel-pompes-funebres-marbrerie.com\/?s={search_term_string}"},"query-input":{"@type":"PropertyValueSpecification","valueRequired":true,"valueName":"search_term_string"}}],"inLanguage":"en-GB"}]}},"_links":{"self":[{"href":"https:\/\/delormel-pompes-funebres-marbrerie.com\/en\/wp-json\/wp\/v2\/pages\/1332","targetHints":{"allow":["GET"]}}],"collection":[{"href":"https:\/\/delormel-pompes-funebres-marbrerie.com\/en\/wp-json\/wp\/v2\/pages"}],"about":[{"href":"https:\/\/delormel-pompes-funebres-marbrerie.com\/en\/wp-json\/wp\/v2\/types\/page"}],"author":[{"embeddable":true,"href":"https:\/\/delormel-pompes-funebres-marbrerie.com\/en\/wp-json\/wp\/v2\/users\/1"}],"replies":[{"embeddable":true,"href":"https:\/\/delormel-pompes-funebres-marbrerie.com\/en\/wp-json\/wp\/v2\/comments?post=1332"}],"version-history":[{"count":6,"href":"https:\/\/delormel-pompes-funebres-marbrerie.com\/en\/wp-json\/wp\/v2\/pages\/1332\/revisions"}],"predecessor-version":[{"id":4700,"href":"https:\/\/delormel-pompes-funebres-marbrerie.com\/en\/wp-json\/wp\/v2\/pages\/1332\/revisions\/4700"}],"wp:attachment":[{"href":"https:\/\/delormel-pompes-funebres-marbrerie.com\/en\/wp-json\/wp\/v2\/media?parent=1332"}],"curies":[{"name":"wp","href":"https:\/\/api.w.org\/{rel}","templated":true}]}}